{"id":35,"date":"2023-03-17T15:12:05","date_gmt":"2023-03-17T15:12:05","guid":{"rendered":"https:\/\/paulin-op.si\/?page_id=35"},"modified":"2023-04-22T17:54:48","modified_gmt":"2023-04-22T17:54:48","slug":"o-nas","status":"publish","type":"page","link":"https:\/\/paulin-op.si\/en\/o-nas\/","title":{"rendered":"About us"},"content":{"rendered":"<div data-elementor-type=\"wp-page\" data-elementor-id=\"35\" class=\"elementor elementor-35\">\n\t\t\t\t\t\t\t\t\t<section class=\"elementor-section elementor-top-section elementor-element elementor-element-52ef721 elementor-section-boxed elementor-section-height-default elementor-section-height-default\" data-id=\"52ef721\" data-element_type=\"section\" data-settings=\"{&quot;background_background&quot;:&quot;classic&quot;}\">\n\t\t\t\t\t\t<div class=\"elementor-container elementor-column-gap-default\">\n\t\t\t\t\t<div class=\"elementor-column elementor-col-100 elementor-top-column elementor-element elementor-element-864ba5f\" data-id=\"864ba5f\" data-element_type=\"column\">\n\t\t\t<div class=\"elementor-widget-wrap elementor-element-populated\">\n\t\t\t\t\t\t\t\t<div class=\"elementor-element elementor-element-e3bbb66 elementor-widget elementor-widget-heading\" data-id=\"e3bbb66\" data-element_type=\"widget\" data-widget_type=\"heading.default\">\n\t\t\t\t<div class=\"elementor-widget-container\">\n\t\t\t<style>\/*! elementor - v3.14.0 - 26-06-2023 *\/\n.elementor-heading-title{padding:0;margin:0;line-height:1}.elementor-widget-heading .elementor-heading-title[class*=elementor-size-]>a{color:inherit;font-size:inherit;line-height:inherit}.elementor-widget-heading .elementor-heading-title.elementor-size-small{font-size:15px}.elementor-widget-heading .elementor-heading-title.elementor-size-medium{font-size:19px}.elementor-widget-heading .elementor-heading-title.elementor-size-large{font-size:29px}.elementor-widget-heading .elementor-heading-title.elementor-size-xl{font-size:39px}.elementor-widget-heading .elementor-heading-title.elementor-size-xxl{font-size:59px}<\/style><h2 class=\"elementor-heading-title elementor-size-default\">About us<\/h2>\t\t<\/div>\n\t\t\t\t<\/div>\n\t\t\t\t<div class=\"elementor-element elementor-element-204ac88 elementor-widget-divider--view-line elementor-widget elementor-widget-divider\" data-id=\"204ac88\" data-element_type=\"widget\" data-widget_type=\"divider.default\">\n\t\t\t\t<div class=\"elementor-widget-container\">\n\t\t\t<style>\/*! elementor - v3.14.0 - 26-06-2023 *\/\n.elementor-widget-divider{--divider-border-style:none;--divider-border-width:1px;--divider-color:#0c0d0e;--divider-icon-size:20px;--divider-element-spacing:10px;--divider-pattern-height:24px;--divider-pattern-size:20px;--divider-pattern-url:none;--divider-pattern-repeat:repeat-x}.elementor-widget-divider .elementor-divider{display:flex}.elementor-widget-divider .elementor-divider__text{font-size:15px;line-height:1;max-width:95%}.elementor-widget-divider .elementor-divider__element{margin:0 var(--divider-element-spacing);flex-shrink:0}.elementor-widget-divider .elementor-icon{font-size:var(--divider-icon-size)}.elementor-widget-divider .elementor-divider-separator{display:flex;margin:0;direction:ltr}.elementor-widget-divider--view-line_icon .elementor-divider-separator,.elementor-widget-divider--view-line_text .elementor-divider-separator{align-items:center}.elementor-widget-divider--view-line_icon .elementor-divider-separator:after,.elementor-widget-divider--view-line_icon .elementor-divider-separator:before,.elementor-widget-divider--view-line_text .elementor-divider-separator:after,.elementor-widget-divider--view-line_text .elementor-divider-separator:before{display:block;content:\"\";border-bottom:0;flex-grow:1;border-top:var(--divider-border-width) var(--divider-border-style) var(--divider-color)}.elementor-widget-divider--element-align-left .elementor-divider .elementor-divider-separator>.elementor-divider__svg:first-of-type{flex-grow:0;flex-shrink:100}.elementor-widget-divider--element-align-left .elementor-divider-separator:before{content:none}.elementor-widget-divider--element-align-left .elementor-divider__element{margin-left:0}.elementor-widget-divider--element-align-right .elementor-divider .elementor-divider-separator>.elementor-divider__svg:last-of-type{flex-grow:0;flex-shrink:100}.elementor-widget-divider--element-align-right .elementor-divider-separator:after{content:none}.elementor-widget-divider--element-align-right .elementor-divider__element{margin-right:0}.elementor-widget-divider:not(.elementor-widget-divider--view-line_text):not(.elementor-widget-divider--view-line_icon) .elementor-divider-separator{border-top:var(--divider-border-width) var(--divider-border-style) var(--divider-color)}.elementor-widget-divider--separator-type-pattern{--divider-border-style:none}.elementor-widget-divider--separator-type-pattern.elementor-widget-divider--view-line .elementor-divider-separator,.elementor-widget-divider--separator-type-pattern:not(.elementor-widget-divider--view-line) .elementor-divider-separator:after,.elementor-widget-divider--separator-type-pattern:not(.elementor-widget-divider--view-line) .elementor-divider-separator:before,.elementor-widget-divider--separator-type-pattern:not([class*=elementor-widget-divider--view]) .elementor-divider-separator{width:100%;min-height:var(--divider-pattern-height);-webkit-mask-size:var(--divider-pattern-size) 100%;mask-size:var(--divider-pattern-size) 100%;-webkit-mask-repeat:var(--divider-pattern-repeat);mask-repeat:var(--divider-pattern-repeat);background-color:var(--divider-color);-webkit-mask-image:var(--divider-pattern-url);mask-image:var(--divider-pattern-url)}.elementor-widget-divider--no-spacing{--divider-pattern-size:auto}.elementor-widget-divider--bg-round{--divider-pattern-repeat:round}.rtl .elementor-widget-divider .elementor-divider__text{direction:rtl}.e-con-inner>.elementor-widget-divider,.e-con>.elementor-widget-divider{width:var(--container-widget-width,100%);--flex-grow:var(--container-widget-flex-grow)}<\/style>\t\t<div class=\"elementor-divider\">\n\t\t\t<span class=\"elementor-divider-separator\">\n\t\t\t\t\t\t<\/span>\n\t\t<\/div>\n\t\t\t\t<\/div>\n\t\t\t\t<\/div>\n\t\t\t\t<section class=\"elementor-section elementor-inner-section elementor-element elementor-element-6d09215 elementor-section-full_width elementor-section-height-default elementor-section-height-default\" data-id=\"6d09215\" data-element_type=\"section\" data-settings=\"{&quot;background_background&quot;:&quot;classic&quot;}\">\n\t\t\t\t\t\t<div class=\"elementor-container elementor-column-gap-default\">\n\t\t\t\t\t<div class=\"elementor-column elementor-col-50 elementor-inner-column elementor-element elementor-element-a08ca7d\" data-id=\"a08ca7d\" data-element_type=\"column\">\n\t\t\t<div class=\"elementor-widget-wrap elementor-element-populated\">\n\t\t\t\t\t\t\t\t<div class=\"elementor-element elementor-element-6e18b94 elementor-widget__width-initial elementor-widget elementor-widget-text-editor\" data-id=\"6e18b94\" data-element_type=\"widget\" data-widget_type=\"text-editor.default\">\n\t\t\t\t<div class=\"elementor-widget-container\">\n\t\t\t<style>\/*! elementor - v3.14.0 - 26-06-2023 *\/\n.elementor-widget-text-editor.elementor-drop-cap-view-stacked .elementor-drop-cap{background-color:#69727d;color:#fff}.elementor-widget-text-editor.elementor-drop-cap-view-framed .elementor-drop-cap{color:#69727d;border:3px solid;background-color:transparent}.elementor-widget-text-editor:not(.elementor-drop-cap-view-default) .elementor-drop-cap{margin-top:8px}.elementor-widget-text-editor:not(.elementor-drop-cap-view-default) .elementor-drop-cap-letter{width:1em;height:1em}.elementor-widget-text-editor .elementor-drop-cap{float:left;text-align:center;line-height:1;font-size:50px}.elementor-widget-text-editor .elementor-drop-cap-letter{display:inline-block}<\/style>\t\t\t\t<p class=\" translation-block\">We are a law firm in Ljubljana that has been continuously operating since 1988,\nwhen its founder, attorney Ale\u0161 Paulin, started his independent practice of law, then\nbased in Kranj.<\/p><p class=\" translation-block\">The many years of experience and numerous successes in dealing with a wide\nrange of clients, from individuals to large domestic and foreign companies and other\nlegal entities, are reflected in the results achieved.<\/p><p class=\" translation-block\">In our work, we are very attentive to identifying and considering the interests of our\nclients. We are focused on providing efficient and comprehensive solutions and\nhigh-quality legal services to achieve the best results for all our clients.<\/p>\t\t\t\t\t\t<\/div>\n\t\t\t\t<\/div>\n\t\t\t\t\t<\/div>\n\t\t<\/div>\n\t\t\t\t<div class=\"elementor-column elementor-col-50 elementor-inner-column elementor-element elementor-element-d1a12c3\" data-id=\"d1a12c3\" data-element_type=\"column\">\n\t\t\t<div class=\"elementor-widget-wrap elementor-element-populated\">\n\t\t\t\t\t\t\t\t<div class=\"elementor-element elementor-element-636b07b elementor-widget elementor-widget-image\" data-id=\"636b07b\" data-element_type=\"widget\" data-widget_type=\"image.default\">\n\t\t\t\t<div class=\"elementor-widget-container\">\n\t\t\t<style>\/*! elementor - v3.14.0 - 26-06-2023 *\/\n.elementor-widget-image{text-align:center}.elementor-widget-image a{display:inline-block}.elementor-widget-image a img[src$=\".svg\"]{width:48px}.elementor-widget-image img{vertical-align:middle;display:inline-block}<\/style>\t\t\t\t\t\t\t\t\t\t\t\t<img loading=\"lazy\" decoding=\"async\" width=\"1024\" height=\"682\" src=\"https:\/\/paulin-op.si\/wp-content\/uploads\/2023\/04\/AP_logo-12-1024x682.jpg\" class=\"attachment-large size-large wp-image-755\" alt=\"\" srcset=\"https:\/\/paulin-op.si\/wp-content\/uploads\/2023\/04\/AP_logo-12-1024x682.jpg 1024w, https:\/\/paulin-op.si\/wp-content\/uploads\/2023\/04\/AP_logo-12-300x200.jpg 300w, https:\/\/paulin-op.si\/wp-content\/uploads\/2023\/04\/AP_logo-12-768x512.jpg 768w, https:\/\/paulin-op.si\/wp-content\/uploads\/2023\/04\/AP_logo-12-930x620.jpg 930w, https:\/\/paulin-op.si\/wp-content\/uploads\/2023\/04\/AP_logo-12.jpg 1250w\" sizes=\"auto, (max-width: 1024px) 100vw, 1024px\" \/>\t\t\t\t\t\t\t\t\t\t\t\t\t\t\t<\/div>\n\t\t\t\t<\/div>\n\t\t\t\t\t<\/div>\n\t\t<\/div>\n\t\t\t\t\t\t\t<\/div>\n\t\t<\/section>\n\t\t\t\t\t<\/div>\n\t\t<\/div>\n\t\t\t\t\t\t\t<\/div>\n\t\t<\/section>\n\t\t\t\t\t\t\t<\/div>","protected":false},"excerpt":{"rendered":"<p>O nas Odvetni\u0161ka pisarna v Ljubljani, ki neprekinjeno deluje \u017ee vse od leta 1988, ko je njen ustanovitelj, odvetnik Ale\u0161 Paulin, za\u010del s samostojnim opravljanjem odvetni\u0161kega poklica, takrat s sede\u017eem v Kranju. Dolgoletne in \u0161tevilne izku\u0161nje se ka\u017eejo z dose\u017eenimi uspehi pri sodelovanju z najrazli\u010dnej\u0161imi strankami, vse od posameznikov do velikih doma\u010dih in tujih podjetij&hellip;&nbsp;<a href=\"https:\/\/paulin-op.si\/en\/o-nas\/\" class=\"\" rel=\"bookmark\">Read More &raquo;<span class=\"screen-reader-text\">About us<\/span><\/a><\/p>","protected":false},"author":1,"featured_media":0,"parent":0,"menu_order":0,"comment_status":"closed","ping_status":"closed","template":"page-templates\/template-pagebuilder-full-width.php","meta":{"neve_meta_sidebar":"","neve_meta_container":"","neve_meta_enable_content_width":"","neve_meta_content_width":0,"neve_meta_title_alignment":"","neve_meta_author_avatar":"","neve_post_elements_order":"","neve_meta_disable_header":"","neve_meta_disable_footer":"","neve_meta_disable_title":"","footnotes":""},"class_list":["post-35","page","type-page","status-publish","hentry"],"yoast_head":"<!-- This site is optimized with the Yoast SEO plugin v20.10 - https:\/\/yoast.com\/wordpress\/plugins\/seo\/ -->\n<title>O nas |<\/title>\n<meta name=\"robots\" content=\"index, follow, max-snippet:-1, max-image-preview:large, max-video-preview:-1\" \/>\n<link rel=\"canonical\" href=\"https:\/\/paulin-op.si\/en\/o-nas\/\" \/>\n<meta property=\"og:locale\" content=\"en_US\" \/>\n<meta property=\"og:type\" content=\"article\" \/>\n<meta property=\"og:title\" content=\"O nas |\" \/>\n<meta property=\"og:description\" content=\"O nas Odvetni\u0161ka pisarna v Ljubljani, ki neprekinjeno deluje \u017ee vse od leta 1988, ko je njen ustanovitelj, odvetnik Ale\u0161 Paulin, za\u010del s samostojnim opravljanjem odvetni\u0161kega poklica, takrat s sede\u017eem v Kranju. Dolgoletne in \u0161tevilne izku\u0161nje se ka\u017eejo z dose\u017eenimi uspehi pri sodelovanju z najrazli\u010dnej\u0161imi strankami, vse od posameznikov do velikih doma\u010dih in tujih podjetij&hellip;&nbsp;Read More &raquo;O nas\" \/>\n<meta property=\"og:url\" content=\"https:\/\/paulin-op.si\/en\/o-nas\/\" \/>\n<meta property=\"article:modified_time\" content=\"2023-04-22T17:54:48+00:00\" \/>\n<meta property=\"og:image\" content=\"https:\/\/paulin-op.si\/wp-content\/uploads\/2023\/04\/AP_logo-12-1024x682.jpg\" \/>\n<meta name=\"twitter:card\" content=\"summary_large_image\" \/>\n<script type=\"application\/ld+json\" class=\"yoast-schema-graph\">{\"@context\":\"https:\/\/schema.org\",\"@graph\":[{\"@type\":\"WebPage\",\"@id\":\"https:\/\/paulin-op.si\/o-nas\/\",\"url\":\"https:\/\/paulin-op.si\/o-nas\/\",\"name\":\"O nas |\",\"isPartOf\":{\"@id\":\"https:\/\/paulin-op.si\/#website\"},\"datePublished\":\"2023-03-17T15:12:05+00:00\",\"dateModified\":\"2023-04-22T17:54:48+00:00\",\"breadcrumb\":{\"@id\":\"https:\/\/paulin-op.si\/o-nas\/#breadcrumb\"},\"inLanguage\":\"en-US\",\"potentialAction\":[{\"@type\":\"ReadAction\",\"target\":[\"https:\/\/paulin-op.si\/o-nas\/\"]}]},{\"@type\":\"BreadcrumbList\",\"@id\":\"https:\/\/paulin-op.si\/o-nas\/#breadcrumb\",\"itemListElement\":[{\"@type\":\"ListItem\",\"position\":1,\"name\":\"Home\",\"item\":\"https:\/\/paulin-op.si\/\"},{\"@type\":\"ListItem\",\"position\":2,\"name\":\"O nas\"}]},{\"@type\":\"WebSite\",\"@id\":\"https:\/\/paulin-op.si\/#website\",\"url\":\"https:\/\/paulin-op.si\/\",\"name\":\"Odvetni\u0161ka pisarna Paulin\",\"description\":\"Odvetni\u0161ka pisarna\",\"publisher\":{\"@id\":\"https:\/\/paulin-op.si\/#organization\"},\"alternateName\":\"Paulin op\",\"potentialAction\":[{\"@type\":\"SearchAction\",\"target\":{\"@type\":\"EntryPoint\",\"urlTemplate\":\"https:\/\/paulin-op.si\/?s={search_term_string}\"},\"query-input\":\"required name=search_term_string\"}],\"inLanguage\":\"en-US\"},{\"@type\":\"Organization\",\"@id\":\"https:\/\/paulin-op.si\/#organization\",\"name\":\"Odvetni\u0161ka pisarna Paulin\",\"alternateName\":\"Paulin op\",\"url\":\"https:\/\/paulin-op.si\/\",\"logo\":{\"@type\":\"ImageObject\",\"inLanguage\":\"en-US\",\"@id\":\"https:\/\/paulin-op.si\/#\/schema\/logo\/image\/\",\"url\":\"https:\/\/paulin-op.si\/wp-content\/uploads\/2023\/03\/Paulin_logo-08-01.png\",\"contentUrl\":\"https:\/\/paulin-op.si\/wp-content\/uploads\/2023\/03\/Paulin_logo-08-01.png\",\"width\":473,\"height\":217,\"caption\":\"Odvetni\u0161ka pisarna Paulin\"},\"image\":{\"@id\":\"https:\/\/paulin-op.si\/#\/schema\/logo\/image\/\"}}]}<\/script>\n<!-- \/ Yoast SEO plugin. -->","yoast_head_json":{"title":"O nas |","robots":{"index":"index","follow":"follow","max-snippet":"max-snippet:-1","max-image-preview":"max-image-preview:large","max-video-preview":"max-video-preview:-1"},"canonical":"https:\/\/paulin-op.si\/en\/o-nas\/","og_locale":"en_US","og_type":"article","og_title":"O nas |","og_description":"O nas Odvetni\u0161ka pisarna v Ljubljani, ki neprekinjeno deluje \u017ee vse od leta 1988, ko je njen ustanovitelj, odvetnik Ale\u0161 Paulin, za\u010del s samostojnim opravljanjem odvetni\u0161kega poklica, takrat s sede\u017eem v Kranju. Dolgoletne in \u0161tevilne izku\u0161nje se ka\u017eejo z dose\u017eenimi uspehi pri sodelovanju z najrazli\u010dnej\u0161imi strankami, vse od posameznikov do velikih doma\u010dih in tujih podjetij&hellip;&nbsp;Read More &raquo;O nas","og_url":"https:\/\/paulin-op.si\/en\/o-nas\/","article_modified_time":"2023-04-22T17:54:48+00:00","og_image":[{"url":"https:\/\/paulin-op.si\/wp-content\/uploads\/2023\/04\/AP_logo-12-1024x682.jpg"}],"twitter_card":"summary_large_image","schema":{"@context":"https:\/\/schema.org","@graph":[{"@type":"WebPage","@id":"https:\/\/paulin-op.si\/o-nas\/","url":"https:\/\/paulin-op.si\/o-nas\/","name":"O nas |","isPartOf":{"@id":"https:\/\/paulin-op.si\/#website"},"datePublished":"2023-03-17T15:12:05+00:00","dateModified":"2023-04-22T17:54:48+00:00","breadcrumb":{"@id":"https:\/\/paulin-op.si\/o-nas\/#breadcrumb"},"inLanguage":"en-US","potentialAction":[{"@type":"ReadAction","target":["https:\/\/paulin-op.si\/o-nas\/"]}]},{"@type":"BreadcrumbList","@id":"https:\/\/paulin-op.si\/o-nas\/#breadcrumb","itemListElement":[{"@type":"ListItem","position":1,"name":"Home","item":"https:\/\/paulin-op.si\/"},{"@type":"ListItem","position":2,"name":"O nas"}]},{"@type":"WebSite","@id":"https:\/\/paulin-op.si\/#website","url":"https:\/\/paulin-op.si\/","name":"Odvetni\u0161ka pisarna Paulin","description":"Odvetni\u0161ka pisarna","publisher":{"@id":"https:\/\/paulin-op.si\/#organization"},"alternateName":"Paulin op","potentialAction":[{"@type":"SearchAction","target":{"@type":"EntryPoint","urlTemplate":"https:\/\/paulin-op.si\/?s={search_term_string}"},"query-input":"required name=search_term_string"}],"inLanguage":"en-US"},{"@type":"Organization","@id":"https:\/\/paulin-op.si\/#organization","name":"Odvetni\u0161ka pisarna Paulin","alternateName":"Paulin op","url":"https:\/\/paulin-op.si\/","logo":{"@type":"ImageObject","inLanguage":"en-US","@id":"https:\/\/paulin-op.si\/#\/schema\/logo\/image\/","url":"https:\/\/paulin-op.si\/wp-content\/uploads\/2023\/03\/Paulin_logo-08-01.png","contentUrl":"https:\/\/paulin-op.si\/wp-content\/uploads\/2023\/03\/Paulin_logo-08-01.png","width":473,"height":217,"caption":"Odvetni\u0161ka pisarna Paulin"},"image":{"@id":"https:\/\/paulin-op.si\/#\/schema\/logo\/image\/"}}]}},"_links":{"self":[{"href":"https:\/\/paulin-op.si\/en\/wp-json\/wp\/v2\/pages\/35","targetHints":{"allow":["GET"]}}],"collection":[{"href":"https:\/\/paulin-op.si\/en\/wp-json\/wp\/v2\/pages"}],"about":[{"href":"https:\/\/paulin-op.si\/en\/wp-json\/wp\/v2\/types\/page"}],"author":[{"embeddable":true,"href":"https:\/\/paulin-op.si\/en\/wp-json\/wp\/v2\/users\/1"}],"replies":[{"embeddable":true,"href":"https:\/\/paulin-op.si\/en\/wp-json\/wp\/v2\/comments?post=35"}],"version-history":[{"count":16,"href":"https:\/\/paulin-op.si\/en\/wp-json\/wp\/v2\/pages\/35\/revisions"}],"predecessor-version":[{"id":968,"href":"https:\/\/paulin-op.si\/en\/wp-json\/wp\/v2\/pages\/35\/revisions\/968"}],"wp:attachment":[{"href":"https:\/\/paulin-op.si\/en\/wp-json\/wp\/v2\/media?parent=35"}],"curies":[{"name":"wp","href":"https:\/\/api.w.org\/{rel}","templated":true}]}}