{"id":379,"date":"2023-04-02T16:27:30","date_gmt":"2023-04-02T16:27:30","guid":{"rendered":"https:\/\/paulin-op.si\/?page_id=379"},"modified":"2023-05-14T15:25:29","modified_gmt":"2023-05-14T15:25:29","slug":"ales-paulin","status":"publish","type":"page","link":"https:\/\/paulin-op.si\/en\/ales-paulin\/","title":{"rendered":"Ale\u0161 Paulin"},"content":{"rendered":"<div data-elementor-type=\"wp-page\" data-elementor-id=\"379\" class=\"elementor elementor-379\">\n\t\t\t\t\t\t\t\t\t<section class=\"elementor-section elementor-top-section elementor-element elementor-element-edee641 elementor-section-boxed elementor-section-height-default elementor-section-height-default\" data-id=\"edee641\" data-element_type=\"section\">\n\t\t\t\t\t\t<div class=\"elementor-container elementor-column-gap-default\">\n\t\t\t\t\t<div class=\"elementor-column elementor-col-50 elementor-top-column elementor-element elementor-element-e07d992\" data-id=\"e07d992\" data-element_type=\"column\">\n\t\t\t<div class=\"elementor-widget-wrap elementor-element-populated\">\n\t\t\t\t\t\t\t\t<div class=\"elementor-element elementor-element-51cce25 elementor-widget elementor-widget-image\" data-id=\"51cce25\" data-element_type=\"widget\" data-widget_type=\"image.default\">\n\t\t\t\t<div class=\"elementor-widget-container\">\n\t\t\t<style>\/*! elementor - v3.14.0 - 26-06-2023 *\/\n.elementor-widget-image{text-align:center}.elementor-widget-image a{display:inline-block}.elementor-widget-image a img[src$=\".svg\"]{width:48px}.elementor-widget-image img{vertical-align:middle;display:inline-block}<\/style>\t\t\t\t\t\t\t\t\t\t\t\t<img loading=\"lazy\" decoding=\"async\" width=\"1024\" height=\"1024\" src=\"https:\/\/paulin-op.si\/wp-content\/uploads\/2023\/03\/Ales_Paulin-03-1024x1024.jpg\" class=\"attachment-large size-large wp-image-172\" alt=\"\" srcset=\"https:\/\/paulin-op.si\/wp-content\/uploads\/2023\/03\/Ales_Paulin-03-1024x1024.jpg 1024w, https:\/\/paulin-op.si\/wp-content\/uploads\/2023\/03\/Ales_Paulin-03-300x300.jpg 300w, https:\/\/paulin-op.si\/wp-content\/uploads\/2023\/03\/Ales_Paulin-03-150x150.jpg 150w, https:\/\/paulin-op.si\/wp-content\/uploads\/2023\/03\/Ales_Paulin-03-768x768.jpg 768w, https:\/\/paulin-op.si\/wp-content\/uploads\/2023\/03\/Ales_Paulin-03.jpg 1375w\" sizes=\"auto, (max-width: 1024px) 100vw, 1024px\" \/>\t\t\t\t\t\t\t\t\t\t\t\t\t\t\t<\/div>\n\t\t\t\t<\/div>\n\t\t\t\t<div class=\"elementor-element elementor-element-4be409f elementor-widget elementor-widget-text-editor\" data-id=\"4be409f\" data-element_type=\"widget\" data-widget_type=\"text-editor.default\">\n\t\t\t\t<div class=\"elementor-widget-container\">\n\t\t\t<style>\/*! elementor - v3.14.0 - 26-06-2023 *\/\n.elementor-widget-text-editor.elementor-drop-cap-view-stacked .elementor-drop-cap{background-color:#69727d;color:#fff}.elementor-widget-text-editor.elementor-drop-cap-view-framed .elementor-drop-cap{color:#69727d;border:3px solid;background-color:transparent}.elementor-widget-text-editor:not(.elementor-drop-cap-view-default) .elementor-drop-cap{margin-top:8px}.elementor-widget-text-editor:not(.elementor-drop-cap-view-default) .elementor-drop-cap-letter{width:1em;height:1em}.elementor-widget-text-editor .elementor-drop-cap{float:left;text-align:center;line-height:1;font-size:50px}.elementor-widget-text-editor .elementor-drop-cap-letter{display:inline-block}<\/style>\t\t\t\t<p>T: 059 219 770<br \/>F: 059 219 789<br \/>E: <a href=\"mailto:ales@paulin-op.si\">ales@paulin-op.si<\/a><br \/>\u00a0 \u00a0 <a href=\"mailto:info@paulin-op.si\">info@paulin-op.si<\/a><\/p>\t\t\t\t\t\t<\/div>\n\t\t\t\t<\/div>\n\t\t\t\t\t<\/div>\n\t\t<\/div>\n\t\t\t\t<div class=\"elementor-column elementor-col-50 elementor-top-column elementor-element elementor-element-0403063\" data-id=\"0403063\" data-element_type=\"column\">\n\t\t\t<div class=\"elementor-widget-wrap elementor-element-populated\">\n\t\t\t\t\t\t\t\t<div class=\"elementor-element elementor-element-13930cb elementor-widget elementor-widget-heading\" data-id=\"13930cb\" data-element_type=\"widget\" data-widget_type=\"heading.default\">\n\t\t\t\t<div class=\"elementor-widget-container\">\n\t\t\t<style>\/*! elementor - v3.14.0 - 26-06-2023 *\/\n.elementor-heading-title{padding:0;margin:0;line-height:1}.elementor-widget-heading .elementor-heading-title[class*=elementor-size-]>a{color:inherit;font-size:inherit;line-height:inherit}.elementor-widget-heading .elementor-heading-title.elementor-size-small{font-size:15px}.elementor-widget-heading .elementor-heading-title.elementor-size-medium{font-size:19px}.elementor-widget-heading .elementor-heading-title.elementor-size-large{font-size:29px}.elementor-widget-heading .elementor-heading-title.elementor-size-xl{font-size:39px}.elementor-widget-heading .elementor-heading-title.elementor-size-xxl{font-size:59px}<\/style><h2 class=\"elementor-heading-title elementor-size-default\">Ale\u0161 Paulin<\/h2>\t\t<\/div>\n\t\t\t\t<\/div>\n\t\t\t\t<div class=\"elementor-element elementor-element-7dfd76d elementor-widget elementor-widget-text-editor\" data-id=\"7dfd76d\" data-element_type=\"widget\" data-widget_type=\"text-editor.default\">\n\t\t\t\t<div class=\"elementor-widget-container\">\n\t\t\t\t\t\t\t<p>Attorney<\/p>\t\t\t\t\t\t<\/div>\n\t\t\t\t<\/div>\n\t\t\t\t<div class=\"elementor-element elementor-element-a37d619 elementor-widget elementor-widget-text-editor\" data-id=\"a37d619\" data-element_type=\"widget\" data-widget_type=\"text-editor.default\">\n\t\t\t\t<div class=\"elementor-widget-container\">\n\t\t\t\t\t\t\t<p><em>Education<\/em><\/p>\t\t\t\t\t\t<\/div>\n\t\t\t\t<\/div>\n\t\t\t\t<div class=\"elementor-element elementor-element-b6b446d elementor-widget elementor-widget-text-editor\" data-id=\"b6b446d\" data-element_type=\"widget\" data-widget_type=\"text-editor.default\">\n\t\t\t\t<div class=\"elementor-widget-container\">\n\t\t\t\t\t\t\t<ul><li>Bachelor of Laws, University of Ljubljana, Faculty of Law.<\/li><li>State law examination.<\/li><\/ul>\t\t\t\t\t\t<\/div>\n\t\t\t\t<\/div>\n\t\t\t\t<div class=\"elementor-element elementor-element-c3d697a elementor-widget elementor-widget-text-editor\" data-id=\"c3d697a\" data-element_type=\"widget\" data-widget_type=\"text-editor.default\">\n\t\t\t\t<div class=\"elementor-widget-container\">\n\t\t\t\t\t\t\t<p><em>Languages<\/em><\/p>\t\t\t\t\t\t<\/div>\n\t\t\t\t<\/div>\n\t\t\t\t<div class=\"elementor-element elementor-element-273e42a elementor-widget elementor-widget-text-editor\" data-id=\"273e42a\" data-element_type=\"widget\" data-widget_type=\"text-editor.default\">\n\t\t\t\t<div class=\"elementor-widget-container\">\n\t\t\t\t\t\t\t<ul><li>Slovenian, Croatian, Serbian<\/li><\/ul>\t\t\t\t\t\t<\/div>\n\t\t\t\t<\/div>\n\t\t\t\t<div class=\"elementor-element elementor-element-6c7de11 elementor-widget elementor-widget-text-editor\" data-id=\"6c7de11\" data-element_type=\"widget\" data-widget_type=\"text-editor.default\">\n\t\t\t\t<div class=\"elementor-widget-container\">\n\t\t\t\t\t\t\t<p><em>Areas of work<\/em><\/p>\t\t\t\t\t\t<\/div>\n\t\t\t\t<\/div>\n\t\t\t\t<div class=\"elementor-element elementor-element-2aad96c elementor-widget elementor-widget-text-editor\" data-id=\"2aad96c\" data-element_type=\"widget\" data-widget_type=\"text-editor.default\">\n\t\t\t\t<div class=\"elementor-widget-container\">\n\t\t\t\t\t\t\t<ul><li>Criminal law, tort law, family law, inheritance law.<\/li><\/ul>\t\t\t\t\t\t<\/div>\n\t\t\t\t<\/div>\n\t\t\t\t<div class=\"elementor-element elementor-element-2875dcd elementor-widget elementor-widget-text-editor\" data-id=\"2875dcd\" data-element_type=\"widget\" data-widget_type=\"text-editor.default\">\n\t\t\t\t<div class=\"elementor-widget-container\">\n\t\t\t\t\t\t\t<p class=\" translation-block\">Attorney Ale\u0161 Paulin is registered with the Slovenian Bar Association in the following\nlists:<\/p>\t\t\t\t\t\t<\/div>\n\t\t\t\t<\/div>\n\t\t\t\t<div class=\"elementor-element elementor-element-3673f66 elementor-widget elementor-widget-text-editor\" data-id=\"3673f66\" data-element_type=\"widget\" data-widget_type=\"text-editor.default\">\n\t\t\t\t<div class=\"elementor-widget-container\">\n\t\t\t\t\t\t\t<ul><li>legal aid,<\/li><li>ex officio defence counsel in criminal cases,<\/li><li>temporary representative under Article 82 of the Civil Procedure Act,<\/li><li>representatives of minor victims,<\/li><li>representatives in non-contentious civil cases,<\/li><li>ex officio advocates for minors,<\/li><li>ex officio representatives in proceedings under the Mental Health Act.<\/li><\/ul>\t\t\t\t\t\t<\/div>\n\t\t\t\t<\/div>\n\t\t\t\t\t<\/div>\n\t\t<\/div>\n\t\t\t\t\t\t\t<\/div>\n\t\t<\/section>\n\t\t\t\t\t\t\t<\/div>","protected":false},"excerpt":{"rendered":"<p>T: 059 219 770 F: 059 219 789 E: ales@paulin-op.si &nbsp; &nbsp; info@paulin-op.si Ale\u0161 Paulin Odvetnik Izobrazba: Univerzitetni diplomiran pravnik, Univerza v Ljubljani, Pravna fakulteta. Pravni\u0161ki dr\u017eavni izpit. Jeziki: Sloven\u0161\u010dina, hrva\u0161\u010dina, srb\u0161\u010dina. Podro\u010dja dela: Kazensko pravo, od\u0161kodninsko pravo, dru\u017einsko pravo, dedno pravo. Odvetnik Ale\u0161 Paulin je pri Odvetni\u0161ki zbornici Slovenije, vpisan na naslednje sezname: brezpla\u010dna&hellip;&nbsp;<a href=\"https:\/\/paulin-op.si\/en\/ales-paulin\/\" class=\"\" rel=\"bookmark\">Read More &raquo;<span class=\"screen-reader-text\">Ale\u0161 Paulin<\/span><\/a><\/p>","protected":false},"author":1,"featured_media":0,"parent":0,"menu_order":0,"comment_status":"closed","ping_status":"closed","template":"page-templates\/template-pagebuilder-full-width.php","meta":{"neve_meta_sidebar":"","neve_meta_container":"","neve_meta_enable_content_width":"","neve_meta_content_width":0,"neve_meta_title_alignment":"","neve_meta_author_avatar":"","neve_post_elements_order":"","neve_meta_disable_header":"","neve_meta_disable_footer":"","neve_meta_disable_title":"","footnotes":""},"class_list":["post-379","page","type-page","status-publish","hentry"],"yoast_head":"<!-- This site is optimized with the Yoast SEO plugin v20.10 - https:\/\/yoast.com\/wordpress\/plugins\/seo\/ -->\n<title>Odvetni\u0161ka pisarna Paulin | Ale\u0161 Paulin<\/title>\n<meta name=\"description\" content=\"Odvetnik Ale\u0161 Paulin deluje na podro\u010dju kazenskega, od\u0161kodninskega, dru\u017einskega in dednega prava.\" \/>\n<meta name=\"robots\" content=\"index, follow, max-snippet:-1, max-image-preview:large, max-video-preview:-1\" \/>\n<link rel=\"canonical\" href=\"https:\/\/paulin-op.si\/en\/ales-paulin\/\" \/>\n<meta property=\"og:locale\" content=\"en_US\" \/>\n<meta property=\"og:type\" content=\"article\" \/>\n<meta property=\"og:title\" content=\"Odvetni\u0161ka pisarna Paulin | Ale\u0161 Paulin\" \/>\n<meta property=\"og:description\" content=\"Odvetnik Ale\u0161 Paulin deluje na podro\u010dju kazenskega, od\u0161kodninskega, dru\u017einskega in dednega prava.\" \/>\n<meta property=\"og:url\" content=\"https:\/\/paulin-op.si\/en\/ales-paulin\/\" \/>\n<meta property=\"article:modified_time\" content=\"2023-05-14T15:25:29+00:00\" \/>\n<meta property=\"og:image\" content=\"https:\/\/paulin-op.si\/wp-content\/uploads\/2023\/03\/Ales_Paulin-03-1024x1024.jpg\" \/>\n<meta name=\"twitter:card\" content=\"summary_large_image\" \/>\n<script type=\"application\/ld+json\" class=\"yoast-schema-graph\">{\"@context\":\"https:\/\/schema.org\",\"@graph\":[{\"@type\":\"WebPage\",\"@id\":\"https:\/\/paulin-op.si\/ales-paulin\/\",\"url\":\"https:\/\/paulin-op.si\/ales-paulin\/\",\"name\":\"Odvetni\u0161ka pisarna Paulin | Ale\u0161 Paulin\",\"isPartOf\":{\"@id\":\"https:\/\/paulin-op.si\/#website\"},\"datePublished\":\"2023-04-02T16:27:30+00:00\",\"dateModified\":\"2023-05-14T15:25:29+00:00\",\"description\":\"Odvetnik Ale\u0161 Paulin deluje na podro\u010dju kazenskega, od\u0161kodninskega, dru\u017einskega in dednega prava.\",\"breadcrumb\":{\"@id\":\"https:\/\/paulin-op.si\/ales-paulin\/#breadcrumb\"},\"inLanguage\":\"en-US\",\"potentialAction\":[{\"@type\":\"ReadAction\",\"target\":[\"https:\/\/paulin-op.si\/ales-paulin\/\"]}]},{\"@type\":\"BreadcrumbList\",\"@id\":\"https:\/\/paulin-op.si\/ales-paulin\/#breadcrumb\",\"itemListElement\":[{\"@type\":\"ListItem\",\"position\":1,\"name\":\"Home\",\"item\":\"https:\/\/paulin-op.si\/\"},{\"@type\":\"ListItem\",\"position\":2,\"name\":\"Ale\u0161 Paulin\"}]},{\"@type\":\"WebSite\",\"@id\":\"https:\/\/paulin-op.si\/#website\",\"url\":\"https:\/\/paulin-op.si\/\",\"name\":\"Odvetni\u0161ka pisarna Paulin\",\"description\":\"Odvetni\u0161ka pisarna\",\"publisher\":{\"@id\":\"https:\/\/paulin-op.si\/#organization\"},\"alternateName\":\"Paulin op\",\"potentialAction\":[{\"@type\":\"SearchAction\",\"target\":{\"@type\":\"EntryPoint\",\"urlTemplate\":\"https:\/\/paulin-op.si\/?s={search_term_string}\"},\"query-input\":\"required name=search_term_string\"}],\"inLanguage\":\"en-US\"},{\"@type\":\"Organization\",\"@id\":\"https:\/\/paulin-op.si\/#organization\",\"name\":\"Odvetni\u0161ka pisarna Paulin\",\"alternateName\":\"Paulin op\",\"url\":\"https:\/\/paulin-op.si\/\",\"logo\":{\"@type\":\"ImageObject\",\"inLanguage\":\"en-US\",\"@id\":\"https:\/\/paulin-op.si\/#\/schema\/logo\/image\/\",\"url\":\"https:\/\/paulin-op.si\/wp-content\/uploads\/2023\/03\/Paulin_logo-08-01.png\",\"contentUrl\":\"https:\/\/paulin-op.si\/wp-content\/uploads\/2023\/03\/Paulin_logo-08-01.png\",\"width\":473,\"height\":217,\"caption\":\"Odvetni\u0161ka pisarna Paulin\"},\"image\":{\"@id\":\"https:\/\/paulin-op.si\/#\/schema\/logo\/image\/\"}}]}<\/script>\n<!-- \/ Yoast SEO plugin. -->","yoast_head_json":{"title":"Odvetni\u0161ka pisarna Paulin | Ale\u0161 Paulin","description":"Odvetnik Ale\u0161 Paulin deluje na podro\u010dju kazenskega, od\u0161kodninskega, dru\u017einskega in dednega prava.","robots":{"index":"index","follow":"follow","max-snippet":"max-snippet:-1","max-image-preview":"max-image-preview:large","max-video-preview":"max-video-preview:-1"},"canonical":"https:\/\/paulin-op.si\/en\/ales-paulin\/","og_locale":"en_US","og_type":"article","og_title":"Odvetni\u0161ka pisarna Paulin | Ale\u0161 Paulin","og_description":"Odvetnik Ale\u0161 Paulin deluje na podro\u010dju kazenskega, od\u0161kodninskega, dru\u017einskega in dednega prava.","og_url":"https:\/\/paulin-op.si\/en\/ales-paulin\/","article_modified_time":"2023-05-14T15:25:29+00:00","og_image":[{"url":"https:\/\/paulin-op.si\/wp-content\/uploads\/2023\/03\/Ales_Paulin-03-1024x1024.jpg"}],"twitter_card":"summary_large_image","schema":{"@context":"https:\/\/schema.org","@graph":[{"@type":"WebPage","@id":"https:\/\/paulin-op.si\/ales-paulin\/","url":"https:\/\/paulin-op.si\/ales-paulin\/","name":"Odvetni\u0161ka pisarna Paulin | Ale\u0161 Paulin","isPartOf":{"@id":"https:\/\/paulin-op.si\/#website"},"datePublished":"2023-04-02T16:27:30+00:00","dateModified":"2023-05-14T15:25:29+00:00","description":"Odvetnik Ale\u0161 Paulin deluje na podro\u010dju kazenskega, od\u0161kodninskega, dru\u017einskega in dednega prava.","breadcrumb":{"@id":"https:\/\/paulin-op.si\/ales-paulin\/#breadcrumb"},"inLanguage":"en-US","potentialAction":[{"@type":"ReadAction","target":["https:\/\/paulin-op.si\/ales-paulin\/"]}]},{"@type":"BreadcrumbList","@id":"https:\/\/paulin-op.si\/ales-paulin\/#breadcrumb","itemListElement":[{"@type":"ListItem","position":1,"name":"Home","item":"https:\/\/paulin-op.si\/"},{"@type":"ListItem","position":2,"name":"Ale\u0161 Paulin"}]},{"@type":"WebSite","@id":"https:\/\/paulin-op.si\/#website","url":"https:\/\/paulin-op.si\/","name":"Odvetni\u0161ka pisarna Paulin","description":"Odvetni\u0161ka pisarna","publisher":{"@id":"https:\/\/paulin-op.si\/#organization"},"alternateName":"Paulin op","potentialAction":[{"@type":"SearchAction","target":{"@type":"EntryPoint","urlTemplate":"https:\/\/paulin-op.si\/?s={search_term_string}"},"query-input":"required name=search_term_string"}],"inLanguage":"en-US"},{"@type":"Organization","@id":"https:\/\/paulin-op.si\/#organization","name":"Odvetni\u0161ka pisarna Paulin","alternateName":"Paulin op","url":"https:\/\/paulin-op.si\/","logo":{"@type":"ImageObject","inLanguage":"en-US","@id":"https:\/\/paulin-op.si\/#\/schema\/logo\/image\/","url":"https:\/\/paulin-op.si\/wp-content\/uploads\/2023\/03\/Paulin_logo-08-01.png","contentUrl":"https:\/\/paulin-op.si\/wp-content\/uploads\/2023\/03\/Paulin_logo-08-01.png","width":473,"height":217,"caption":"Odvetni\u0161ka pisarna Paulin"},"image":{"@id":"https:\/\/paulin-op.si\/#\/schema\/logo\/image\/"}}]}},"_links":{"self":[{"href":"https:\/\/paulin-op.si\/en\/wp-json\/wp\/v2\/pages\/379","targetHints":{"allow":["GET"]}}],"collection":[{"href":"https:\/\/paulin-op.si\/en\/wp-json\/wp\/v2\/pages"}],"about":[{"href":"https:\/\/paulin-op.si\/en\/wp-json\/wp\/v2\/types\/page"}],"author":[{"embeddable":true,"href":"https:\/\/paulin-op.si\/en\/wp-json\/wp\/v2\/users\/1"}],"replies":[{"embeddable":true,"href":"https:\/\/paulin-op.si\/en\/wp-json\/wp\/v2\/comments?post=379"}],"version-history":[{"count":11,"href":"https:\/\/paulin-op.si\/en\/wp-json\/wp\/v2\/pages\/379\/revisions"}],"predecessor-version":[{"id":1312,"href":"https:\/\/paulin-op.si\/en\/wp-json\/wp\/v2\/pages\/379\/revisions\/1312"}],"wp:attachment":[{"href":"https:\/\/paulin-op.si\/en\/wp-json\/wp\/v2\/media?parent=379"}],"curies":[{"name":"wp","href":"https:\/\/api.w.org\/{rel}","templated":true}]}}