{"id":383,"date":"2023-04-02T16:27:55","date_gmt":"2023-04-02T16:27:55","guid":{"rendered":"https:\/\/paulin-op.si\/?page_id=383"},"modified":"2023-07-10T17:22:18","modified_gmt":"2023-07-10T17:22:18","slug":"pia-cerar","status":"publish","type":"page","link":"https:\/\/paulin-op.si\/en\/pia-cerar\/","title":{"rendered":"Pia Cerar"},"content":{"rendered":"<div data-elementor-type=\"wp-page\" data-elementor-id=\"383\" class=\"elementor elementor-383\">\n\t\t\t\t\t\t\t\t\t<section class=\"elementor-section elementor-top-section elementor-element elementor-element-40b6d3f elementor-section-boxed elementor-section-height-default elementor-section-height-default\" data-id=\"40b6d3f\" data-element_type=\"section\">\n\t\t\t\t\t\t<div class=\"elementor-container elementor-column-gap-default\">\n\t\t\t\t\t<div class=\"elementor-column elementor-col-50 elementor-top-column elementor-element elementor-element-24face4\" data-id=\"24face4\" data-element_type=\"column\">\n\t\t\t<div class=\"elementor-widget-wrap elementor-element-populated\">\n\t\t\t\t\t\t\t\t<div class=\"elementor-element elementor-element-2a92835 elementor-widget elementor-widget-image\" data-id=\"2a92835\" data-element_type=\"widget\" data-widget_type=\"image.default\">\n\t\t\t\t<div class=\"elementor-widget-container\">\n\t\t\t<style>\/*! elementor - v3.14.0 - 26-06-2023 *\/\n.elementor-widget-image{text-align:center}.elementor-widget-image a{display:inline-block}.elementor-widget-image a img[src$=\".svg\"]{width:48px}.elementor-widget-image img{vertical-align:middle;display:inline-block}<\/style>\t\t\t\t\t\t\t\t\t\t\t\t<img loading=\"lazy\" decoding=\"async\" width=\"1024\" height=\"1024\" src=\"https:\/\/paulin-op.si\/wp-content\/uploads\/2023\/03\/Paulin-05-1024x1024.jpg\" class=\"attachment-large size-large wp-image-174\" alt=\"\" srcset=\"https:\/\/paulin-op.si\/wp-content\/uploads\/2023\/03\/Paulin-05-1024x1024.jpg 1024w, https:\/\/paulin-op.si\/wp-content\/uploads\/2023\/03\/Paulin-05-300x300.jpg 300w, https:\/\/paulin-op.si\/wp-content\/uploads\/2023\/03\/Paulin-05-150x150.jpg 150w, https:\/\/paulin-op.si\/wp-content\/uploads\/2023\/03\/Paulin-05-768x768.jpg 768w, https:\/\/paulin-op.si\/wp-content\/uploads\/2023\/03\/Paulin-05.jpg 1375w\" sizes=\"auto, (max-width: 1024px) 100vw, 1024px\" \/>\t\t\t\t\t\t\t\t\t\t\t\t\t\t\t<\/div>\n\t\t\t\t<\/div>\n\t\t\t\t<div class=\"elementor-element elementor-element-6a4b00c elementor-widget elementor-widget-text-editor\" data-id=\"6a4b00c\" data-element_type=\"widget\" data-widget_type=\"text-editor.default\">\n\t\t\t\t<div class=\"elementor-widget-container\">\n\t\t\t<style>\/*! elementor - v3.14.0 - 26-06-2023 *\/\n.elementor-widget-text-editor.elementor-drop-cap-view-stacked .elementor-drop-cap{background-color:#69727d;color:#fff}.elementor-widget-text-editor.elementor-drop-cap-view-framed .elementor-drop-cap{color:#69727d;border:3px solid;background-color:transparent}.elementor-widget-text-editor:not(.elementor-drop-cap-view-default) .elementor-drop-cap{margin-top:8px}.elementor-widget-text-editor:not(.elementor-drop-cap-view-default) .elementor-drop-cap-letter{width:1em;height:1em}.elementor-widget-text-editor .elementor-drop-cap{float:left;text-align:center;line-height:1;font-size:50px}.elementor-widget-text-editor .elementor-drop-cap-letter{display:inline-block}<\/style>\t\t\t\t<p>T: 059 219 770<br \/>F: 059 219 789<br \/>E: <a href=\"mailto:ales@paulin-op.si\">pia.cerar@paulin-op.si <\/a><br \/>\u00a0 \u00a0 <a href=\"mailto:info@paulin-op.si\">info@paulin-op.si<\/a><\/p>\t\t\t\t\t\t<\/div>\n\t\t\t\t<\/div>\n\t\t\t\t\t<\/div>\n\t\t<\/div>\n\t\t\t\t<div class=\"elementor-column elementor-col-50 elementor-top-column elementor-element elementor-element-84cb918\" data-id=\"84cb918\" data-element_type=\"column\">\n\t\t\t<div class=\"elementor-widget-wrap elementor-element-populated\">\n\t\t\t\t\t\t\t\t<div class=\"elementor-element elementor-element-821ee4d elementor-widget elementor-widget-heading\" data-id=\"821ee4d\" data-element_type=\"widget\" data-widget_type=\"heading.default\">\n\t\t\t\t<div class=\"elementor-widget-container\">\n\t\t\t<style>\/*! elementor - v3.14.0 - 26-06-2023 *\/\n.elementor-heading-title{padding:0;margin:0;line-height:1}.elementor-widget-heading .elementor-heading-title[class*=elementor-size-]>a{color:inherit;font-size:inherit;line-height:inherit}.elementor-widget-heading .elementor-heading-title.elementor-size-small{font-size:15px}.elementor-widget-heading .elementor-heading-title.elementor-size-medium{font-size:19px}.elementor-widget-heading .elementor-heading-title.elementor-size-large{font-size:29px}.elementor-widget-heading .elementor-heading-title.elementor-size-xl{font-size:39px}.elementor-widget-heading .elementor-heading-title.elementor-size-xxl{font-size:59px}<\/style><h2 class=\"elementor-heading-title elementor-size-default\">Pia Cerar Pu\u0161nik<\/h2>\t\t<\/div>\n\t\t\t\t<\/div>\n\t\t\t\t<div class=\"elementor-element elementor-element-6c5cdcd elementor-widget elementor-widget-text-editor\" data-id=\"6c5cdcd\" data-element_type=\"widget\" data-widget_type=\"text-editor.default\">\n\t\t\t\t<div class=\"elementor-widget-container\">\n\t\t\t\t\t\t\t<p>Trainee attorney<\/p>\t\t\t\t\t\t<\/div>\n\t\t\t\t<\/div>\n\t\t\t\t<div class=\"elementor-element elementor-element-60f7711 elementor-widget elementor-widget-text-editor\" data-id=\"60f7711\" data-element_type=\"widget\" data-widget_type=\"text-editor.default\">\n\t\t\t\t<div class=\"elementor-widget-container\">\n\t\t\t\t\t\t\t<p><em>Education<\/em><\/p>\t\t\t\t\t\t<\/div>\n\t\t\t\t<\/div>\n\t\t\t\t<div class=\"elementor-element elementor-element-1f32702 elementor-widget elementor-widget-text-editor\" data-id=\"1f32702\" data-element_type=\"widget\" data-widget_type=\"text-editor.default\">\n\t\t\t\t<div class=\"elementor-widget-container\">\n\t\t\t\t\t\t\t<ul><li>Bachelor of Law, University of Ljubljana, Faculty of Law.<\/li><li>Master of Law, University of Ljubljana, Faculty of Law, Ljubljana, Slovenia.<\/li><\/ul>\t\t\t\t\t\t<\/div>\n\t\t\t\t<\/div>\n\t\t\t\t<div class=\"elementor-element elementor-element-379fa29 elementor-widget elementor-widget-text-editor\" data-id=\"379fa29\" data-element_type=\"widget\" data-widget_type=\"text-editor.default\">\n\t\t\t\t<div class=\"elementor-widget-container\">\n\t\t\t\t\t\t\t<p><em>Languages<\/em><\/p>\t\t\t\t\t\t<\/div>\n\t\t\t\t<\/div>\n\t\t\t\t<div class=\"elementor-element elementor-element-112b4e7 elementor-widget elementor-widget-text-editor\" data-id=\"112b4e7\" data-element_type=\"widget\" data-widget_type=\"text-editor.default\">\n\t\t\t\t<div class=\"elementor-widget-container\">\n\t\t\t\t\t\t\t<ul><li>Slovenian, English, Croatian, Serbian<\/li><\/ul>\t\t\t\t\t\t<\/div>\n\t\t\t\t<\/div>\n\t\t\t\t<div class=\"elementor-element elementor-element-c6fe2dc elementor-widget elementor-widget-text-editor\" data-id=\"c6fe2dc\" data-element_type=\"widget\" data-widget_type=\"text-editor.default\">\n\t\t\t\t<div class=\"elementor-widget-container\">\n\t\t\t\t\t\t\t<p><em>Areas of work<\/em><\/p>\t\t\t\t\t\t<\/div>\n\t\t\t\t<\/div>\n\t\t\t\t<div class=\"elementor-element elementor-element-5aa74d1 elementor-widget elementor-widget-text-editor\" data-id=\"5aa74d1\" data-element_type=\"widget\" data-widget_type=\"text-editor.default\">\n\t\t\t\t<div class=\"elementor-widget-container\">\n\t\t\t\t\t\t\t<ul><li class=\" translation-block\">Family law, inheritance law, insurance and tort law, labour law, debt recovery and\nenforcement, minor offence law, tax law, real estate law.<\/li><\/ul>\t\t\t\t\t\t<\/div>\n\t\t\t\t<\/div>\n\t\t\t\t\t<\/div>\n\t\t<\/div>\n\t\t\t\t\t\t\t<\/div>\n\t\t<\/section>\n\t\t\t\t\t\t\t<\/div>","protected":false},"excerpt":{"rendered":"<p>T: 059 219 770F: 059 219 789E: pia.cerar@paulin-op.si \u00a0 \u00a0 info@paulin-op.si Pia Cerar Pu\u0161nik Odvetni\u0161ka pripravnica Izobrazba: Univerzitetna diplomirana pravnica, Univerza v Ljubljani, Pravna fakulteta. Magistrica prava. Jeziki: Sloven\u0161\u010dina, angle\u0161\u010dina, hrva\u0161\u010dina, srb\u0161\u010dina. Podro\u010dja dela: Dru\u017einsko pravo, dedno pravo, zavarovalni\u0161tvo in od\u0161kodninsko pravo, delovnopravo, izterjava in unov\u010devanje terjatev, prekr\u0161kovno pravo, dav\u010dno pravo,nepremi\u010dninsko pravo.<\/p>","protected":false},"author":1,"featured_media":0,"parent":0,"menu_order":0,"comment_status":"closed","ping_status":"closed","template":"page-templates\/template-pagebuilder-full-width.php","meta":{"neve_meta_sidebar":"","neve_meta_container":"","neve_meta_enable_content_width":"","neve_meta_content_width":0,"neve_meta_title_alignment":"","neve_meta_author_avatar":"","neve_post_elements_order":"","neve_meta_disable_header":"","neve_meta_disable_footer":"","neve_meta_disable_title":"","footnotes":""},"class_list":["post-383","page","type-page","status-publish","hentry"],"yoast_head":"<!-- This site is optimized with the Yoast SEO plugin v20.10 - https:\/\/yoast.com\/wordpress\/plugins\/seo\/ -->\n<title>Pia Cerar |<\/title>\n<meta name=\"robots\" content=\"index, follow, max-snippet:-1, max-image-preview:large, max-video-preview:-1\" \/>\n<link rel=\"canonical\" href=\"https:\/\/paulin-op.si\/en\/pia-cerar\/\" \/>\n<meta property=\"og:locale\" content=\"en_US\" \/>\n<meta property=\"og:type\" content=\"article\" \/>\n<meta property=\"og:title\" content=\"Pia Cerar |\" \/>\n<meta property=\"og:description\" content=\"T: 059 219 770F: 059 219 789E: pia.cerar@paulin-op.si \u00a0 \u00a0 info@paulin-op.si Pia Cerar Pu\u0161nik Odvetni\u0161ka pripravnica Izobrazba: Univerzitetna diplomirana pravnica, Univerza v Ljubljani, Pravna fakulteta. Magistrica prava. Jeziki: Sloven\u0161\u010dina, angle\u0161\u010dina, hrva\u0161\u010dina, srb\u0161\u010dina. Podro\u010dja dela: Dru\u017einsko pravo, dedno pravo, zavarovalni\u0161tvo in od\u0161kodninsko pravo, delovnopravo, izterjava in unov\u010devanje terjatev, prekr\u0161kovno pravo, dav\u010dno pravo,nepremi\u010dninsko pravo.\" \/>\n<meta property=\"og:url\" content=\"https:\/\/paulin-op.si\/en\/pia-cerar\/\" \/>\n<meta property=\"article:modified_time\" content=\"2023-07-10T17:22:18+00:00\" \/>\n<meta property=\"og:image\" content=\"https:\/\/paulin-op.si\/wp-content\/uploads\/2023\/03\/Paulin-05-1024x1024.jpg\" \/>\n<meta name=\"twitter:card\" content=\"summary_large_image\" \/>\n<script type=\"application\/ld+json\" class=\"yoast-schema-graph\">{\"@context\":\"https:\/\/schema.org\",\"@graph\":[{\"@type\":\"WebPage\",\"@id\":\"https:\/\/paulin-op.si\/pia-cerar\/\",\"url\":\"https:\/\/paulin-op.si\/pia-cerar\/\",\"name\":\"Pia Cerar |\",\"isPartOf\":{\"@id\":\"https:\/\/paulin-op.si\/#website\"},\"datePublished\":\"2023-04-02T16:27:55+00:00\",\"dateModified\":\"2023-07-10T17:22:18+00:00\",\"breadcrumb\":{\"@id\":\"https:\/\/paulin-op.si\/pia-cerar\/#breadcrumb\"},\"inLanguage\":\"en-US\",\"potentialAction\":[{\"@type\":\"ReadAction\",\"target\":[\"https:\/\/paulin-op.si\/pia-cerar\/\"]}]},{\"@type\":\"BreadcrumbList\",\"@id\":\"https:\/\/paulin-op.si\/pia-cerar\/#breadcrumb\",\"itemListElement\":[{\"@type\":\"ListItem\",\"position\":1,\"name\":\"Home\",\"item\":\"https:\/\/paulin-op.si\/\"},{\"@type\":\"ListItem\",\"position\":2,\"name\":\"Pia Cerar\"}]},{\"@type\":\"WebSite\",\"@id\":\"https:\/\/paulin-op.si\/#website\",\"url\":\"https:\/\/paulin-op.si\/\",\"name\":\"Odvetni\u0161ka pisarna Paulin\",\"description\":\"Odvetni\u0161ka pisarna\",\"publisher\":{\"@id\":\"https:\/\/paulin-op.si\/#organization\"},\"alternateName\":\"Paulin op\",\"potentialAction\":[{\"@type\":\"SearchAction\",\"target\":{\"@type\":\"EntryPoint\",\"urlTemplate\":\"https:\/\/paulin-op.si\/?s={search_term_string}\"},\"query-input\":\"required name=search_term_string\"}],\"inLanguage\":\"en-US\"},{\"@type\":\"Organization\",\"@id\":\"https:\/\/paulin-op.si\/#organization\",\"name\":\"Odvetni\u0161ka pisarna Paulin\",\"alternateName\":\"Paulin op\",\"url\":\"https:\/\/paulin-op.si\/\",\"logo\":{\"@type\":\"ImageObject\",\"inLanguage\":\"en-US\",\"@id\":\"https:\/\/paulin-op.si\/#\/schema\/logo\/image\/\",\"url\":\"https:\/\/paulin-op.si\/wp-content\/uploads\/2023\/03\/Paulin_logo-08-01.png\",\"contentUrl\":\"https:\/\/paulin-op.si\/wp-content\/uploads\/2023\/03\/Paulin_logo-08-01.png\",\"width\":473,\"height\":217,\"caption\":\"Odvetni\u0161ka pisarna Paulin\"},\"image\":{\"@id\":\"https:\/\/paulin-op.si\/#\/schema\/logo\/image\/\"}}]}<\/script>\n<!-- \/ Yoast SEO plugin. -->","yoast_head_json":{"title":"Pia Cerar |","robots":{"index":"index","follow":"follow","max-snippet":"max-snippet:-1","max-image-preview":"max-image-preview:large","max-video-preview":"max-video-preview:-1"},"canonical":"https:\/\/paulin-op.si\/en\/pia-cerar\/","og_locale":"en_US","og_type":"article","og_title":"Pia Cerar |","og_description":"T: 059 219 770F: 059 219 789E: pia.cerar@paulin-op.si \u00a0 \u00a0 info@paulin-op.si Pia Cerar Pu\u0161nik Odvetni\u0161ka pripravnica Izobrazba: Univerzitetna diplomirana pravnica, Univerza v Ljubljani, Pravna fakulteta. Magistrica prava. Jeziki: Sloven\u0161\u010dina, angle\u0161\u010dina, hrva\u0161\u010dina, srb\u0161\u010dina. Podro\u010dja dela: Dru\u017einsko pravo, dedno pravo, zavarovalni\u0161tvo in od\u0161kodninsko pravo, delovnopravo, izterjava in unov\u010devanje terjatev, prekr\u0161kovno pravo, dav\u010dno pravo,nepremi\u010dninsko pravo.","og_url":"https:\/\/paulin-op.si\/en\/pia-cerar\/","article_modified_time":"2023-07-10T17:22:18+00:00","og_image":[{"url":"https:\/\/paulin-op.si\/wp-content\/uploads\/2023\/03\/Paulin-05-1024x1024.jpg"}],"twitter_card":"summary_large_image","schema":{"@context":"https:\/\/schema.org","@graph":[{"@type":"WebPage","@id":"https:\/\/paulin-op.si\/pia-cerar\/","url":"https:\/\/paulin-op.si\/pia-cerar\/","name":"Pia Cerar |","isPartOf":{"@id":"https:\/\/paulin-op.si\/#website"},"datePublished":"2023-04-02T16:27:55+00:00","dateModified":"2023-07-10T17:22:18+00:00","breadcrumb":{"@id":"https:\/\/paulin-op.si\/pia-cerar\/#breadcrumb"},"inLanguage":"en-US","potentialAction":[{"@type":"ReadAction","target":["https:\/\/paulin-op.si\/pia-cerar\/"]}]},{"@type":"BreadcrumbList","@id":"https:\/\/paulin-op.si\/pia-cerar\/#breadcrumb","itemListElement":[{"@type":"ListItem","position":1,"name":"Home","item":"https:\/\/paulin-op.si\/"},{"@type":"ListItem","position":2,"name":"Pia Cerar"}]},{"@type":"WebSite","@id":"https:\/\/paulin-op.si\/#website","url":"https:\/\/paulin-op.si\/","name":"Odvetni\u0161ka pisarna Paulin","description":"Odvetni\u0161ka pisarna","publisher":{"@id":"https:\/\/paulin-op.si\/#organization"},"alternateName":"Paulin op","potentialAction":[{"@type":"SearchAction","target":{"@type":"EntryPoint","urlTemplate":"https:\/\/paulin-op.si\/?s={search_term_string}"},"query-input":"required name=search_term_string"}],"inLanguage":"en-US"},{"@type":"Organization","@id":"https:\/\/paulin-op.si\/#organization","name":"Odvetni\u0161ka pisarna Paulin","alternateName":"Paulin op","url":"https:\/\/paulin-op.si\/","logo":{"@type":"ImageObject","inLanguage":"en-US","@id":"https:\/\/paulin-op.si\/#\/schema\/logo\/image\/","url":"https:\/\/paulin-op.si\/wp-content\/uploads\/2023\/03\/Paulin_logo-08-01.png","contentUrl":"https:\/\/paulin-op.si\/wp-content\/uploads\/2023\/03\/Paulin_logo-08-01.png","width":473,"height":217,"caption":"Odvetni\u0161ka pisarna Paulin"},"image":{"@id":"https:\/\/paulin-op.si\/#\/schema\/logo\/image\/"}}]}},"_links":{"self":[{"href":"https:\/\/paulin-op.si\/en\/wp-json\/wp\/v2\/pages\/383","targetHints":{"allow":["GET"]}}],"collection":[{"href":"https:\/\/paulin-op.si\/en\/wp-json\/wp\/v2\/pages"}],"about":[{"href":"https:\/\/paulin-op.si\/en\/wp-json\/wp\/v2\/types\/page"}],"author":[{"embeddable":true,"href":"https:\/\/paulin-op.si\/en\/wp-json\/wp\/v2\/users\/1"}],"replies":[{"embeddable":true,"href":"https:\/\/paulin-op.si\/en\/wp-json\/wp\/v2\/comments?post=383"}],"version-history":[{"count":13,"href":"https:\/\/paulin-op.si\/en\/wp-json\/wp\/v2\/pages\/383\/revisions"}],"predecessor-version":[{"id":1321,"href":"https:\/\/paulin-op.si\/en\/wp-json\/wp\/v2\/pages\/383\/revisions\/1321"}],"wp:attachment":[{"href":"https:\/\/paulin-op.si\/en\/wp-json\/wp\/v2\/media?parent=383"}],"curies":[{"name":"wp","href":"https:\/\/api.w.org\/{rel}","templated":true}]}}