{"id":451,"date":"2023-04-03T18:33:26","date_gmt":"2023-04-03T18:33:26","guid":{"rendered":"https:\/\/paulin-op.si\/?page_id=451"},"modified":"2023-04-23T19:35:58","modified_gmt":"2023-04-23T19:35:58","slug":"civilno-pravo","status":"publish","type":"page","link":"https:\/\/paulin-op.si\/en\/civilno-pravo\/","title":{"rendered":"Civil Law"},"content":{"rendered":"<div data-elementor-type=\"wp-page\" data-elementor-id=\"451\" class=\"elementor elementor-451\">\n\t\t\t\t\t\t\t\t\t<section class=\"elementor-section elementor-top-section elementor-element elementor-element-349c614 elementor-section-boxed elementor-section-height-default elementor-section-height-default\" data-id=\"349c614\" data-element_type=\"section\">\n\t\t\t\t\t\t<div class=\"elementor-container elementor-column-gap-default\">\n\t\t\t\t\t<div class=\"elementor-column elementor-col-100 elementor-top-column elementor-element elementor-element-f0b78e0\" data-id=\"f0b78e0\" data-element_type=\"column\">\n\t\t\t<div class=\"elementor-widget-wrap elementor-element-populated\">\n\t\t\t\t\t\t\t\t<div class=\"elementor-element elementor-element-5937c3d elementor-widget elementor-widget-heading\" data-id=\"5937c3d\" data-element_type=\"widget\" data-widget_type=\"heading.default\">\n\t\t\t\t<div class=\"elementor-widget-container\">\n\t\t\t<style>\/*! elementor - v3.14.0 - 26-06-2023 *\/\n.elementor-heading-title{padding:0;margin:0;line-height:1}.elementor-widget-heading .elementor-heading-title[class*=elementor-size-]>a{color:inherit;font-size:inherit;line-height:inherit}.elementor-widget-heading .elementor-heading-title.elementor-size-small{font-size:15px}.elementor-widget-heading .elementor-heading-title.elementor-size-medium{font-size:19px}.elementor-widget-heading .elementor-heading-title.elementor-size-large{font-size:29px}.elementor-widget-heading .elementor-heading-title.elementor-size-xl{font-size:39px}.elementor-widget-heading .elementor-heading-title.elementor-size-xxl{font-size:59px}<\/style><h2 class=\"elementor-heading-title elementor-size-default\">CIVILNO PRAVO<\/h2>\t\t<\/div>\n\t\t\t\t<\/div>\n\t\t\t\t<div class=\"elementor-element elementor-element-fb5ffca elementor-widget-divider--view-line elementor-widget elementor-widget-divider\" data-id=\"fb5ffca\" data-element_type=\"widget\" data-widget_type=\"divider.default\">\n\t\t\t\t<div class=\"elementor-widget-container\">\n\t\t\t<style>\/*! elementor - v3.14.0 - 26-06-2023 *\/\n.elementor-widget-divider{--divider-border-style:none;--divider-border-width:1px;--divider-color:#0c0d0e;--divider-icon-size:20px;--divider-element-spacing:10px;--divider-pattern-height:24px;--divider-pattern-size:20px;--divider-pattern-url:none;--divider-pattern-repeat:repeat-x}.elementor-widget-divider .elementor-divider{display:flex}.elementor-widget-divider .elementor-divider__text{font-size:15px;line-height:1;max-width:95%}.elementor-widget-divider .elementor-divider__element{margin:0 var(--divider-element-spacing);flex-shrink:0}.elementor-widget-divider .elementor-icon{font-size:var(--divider-icon-size)}.elementor-widget-divider .elementor-divider-separator{display:flex;margin:0;direction:ltr}.elementor-widget-divider--view-line_icon .elementor-divider-separator,.elementor-widget-divider--view-line_text .elementor-divider-separator{align-items:center}.elementor-widget-divider--view-line_icon .elementor-divider-separator:after,.elementor-widget-divider--view-line_icon .elementor-divider-separator:before,.elementor-widget-divider--view-line_text .elementor-divider-separator:after,.elementor-widget-divider--view-line_text .elementor-divider-separator:before{display:block;content:\"\";border-bottom:0;flex-grow:1;border-top:var(--divider-border-width) var(--divider-border-style) var(--divider-color)}.elementor-widget-divider--element-align-left .elementor-divider .elementor-divider-separator>.elementor-divider__svg:first-of-type{flex-grow:0;flex-shrink:100}.elementor-widget-divider--element-align-left .elementor-divider-separator:before{content:none}.elementor-widget-divider--element-align-left .elementor-divider__element{margin-left:0}.elementor-widget-divider--element-align-right .elementor-divider .elementor-divider-separator>.elementor-divider__svg:last-of-type{flex-grow:0;flex-shrink:100}.elementor-widget-divider--element-align-right .elementor-divider-separator:after{content:none}.elementor-widget-divider--element-align-right .elementor-divider__element{margin-right:0}.elementor-widget-divider:not(.elementor-widget-divider--view-line_text):not(.elementor-widget-divider--view-line_icon) .elementor-divider-separator{border-top:var(--divider-border-width) var(--divider-border-style) var(--divider-color)}.elementor-widget-divider--separator-type-pattern{--divider-border-style:none}.elementor-widget-divider--separator-type-pattern.elementor-widget-divider--view-line .elementor-divider-separator,.elementor-widget-divider--separator-type-pattern:not(.elementor-widget-divider--view-line) .elementor-divider-separator:after,.elementor-widget-divider--separator-type-pattern:not(.elementor-widget-divider--view-line) .elementor-divider-separator:before,.elementor-widget-divider--separator-type-pattern:not([class*=elementor-widget-divider--view]) .elementor-divider-separator{width:100%;min-height:var(--divider-pattern-height);-webkit-mask-size:var(--divider-pattern-size) 100%;mask-size:var(--divider-pattern-size) 100%;-webkit-mask-repeat:var(--divider-pattern-repeat);mask-repeat:var(--divider-pattern-repeat);background-color:var(--divider-color);-webkit-mask-image:var(--divider-pattern-url);mask-image:var(--divider-pattern-url)}.elementor-widget-divider--no-spacing{--divider-pattern-size:auto}.elementor-widget-divider--bg-round{--divider-pattern-repeat:round}.rtl .elementor-widget-divider .elementor-divider__text{direction:rtl}.e-con-inner>.elementor-widget-divider,.e-con>.elementor-widget-divider{width:var(--container-widget-width,100%);--flex-grow:var(--container-widget-flex-grow)}<\/style>\t\t<div class=\"elementor-divider\">\n\t\t\t<span class=\"elementor-divider-separator\">\n\t\t\t\t\t\t<\/span>\n\t\t<\/div>\n\t\t\t\t<\/div>\n\t\t\t\t<\/div>\n\t\t\t\t\t<\/div>\n\t\t<\/div>\n\t\t\t\t\t\t\t<\/div>\n\t\t<\/section>\n\t\t\t\t<section class=\"elementor-section elementor-top-section elementor-element elementor-element-ffb2f6a elementor-section-boxed elementor-section-height-default elementor-section-height-default\" data-id=\"ffb2f6a\" data-element_type=\"section\" data-settings=\"{&quot;background_background&quot;:&quot;classic&quot;}\">\n\t\t\t\t\t\t<div class=\"elementor-container elementor-column-gap-default\">\n\t\t\t\t\t<div class=\"elementor-column elementor-col-50 elementor-top-column elementor-element elementor-element-430848e\" data-id=\"430848e\" data-element_type=\"column\" data-settings=\"{&quot;background_background&quot;:&quot;classic&quot;}\">\n\t\t\t<div class=\"elementor-widget-wrap elementor-element-populated\">\n\t\t\t\t\t\t\t\t<div class=\"elementor-element elementor-element-df24acc elementor-widget elementor-widget-image\" data-id=\"df24acc\" data-element_type=\"widget\" data-widget_type=\"image.default\">\n\t\t\t\t<div class=\"elementor-widget-container\">\n\t\t\t<style>\/*! elementor - v3.14.0 - 26-06-2023 *\/\n.elementor-widget-image{text-align:center}.elementor-widget-image a{display:inline-block}.elementor-widget-image a img[src$=\".svg\"]{width:48px}.elementor-widget-image img{vertical-align:middle;display:inline-block}<\/style>\t\t\t\t\t\t\t\t\t\t\t\t<img loading=\"lazy\" decoding=\"async\" width=\"1024\" height=\"682\" src=\"https:\/\/paulin-op.si\/wp-content\/uploads\/2023\/04\/ALjaz-15-1024x682.jpg\" class=\"attachment-large size-large wp-image-984\" alt=\"\" srcset=\"https:\/\/paulin-op.si\/wp-content\/uploads\/2023\/04\/ALjaz-15-1024x682.jpg 1024w, https:\/\/paulin-op.si\/wp-content\/uploads\/2023\/04\/ALjaz-15-300x200.jpg 300w, https:\/\/paulin-op.si\/wp-content\/uploads\/2023\/04\/ALjaz-15-768x512.jpg 768w, https:\/\/paulin-op.si\/wp-content\/uploads\/2023\/04\/ALjaz-15-930x620.jpg 930w, https:\/\/paulin-op.si\/wp-content\/uploads\/2023\/04\/ALjaz-15.jpg 1250w\" sizes=\"auto, (max-width: 1024px) 100vw, 1024px\" \/>\t\t\t\t\t\t\t\t\t\t\t\t\t\t\t<\/div>\n\t\t\t\t<\/div>\n\t\t\t\t\t<\/div>\n\t\t<\/div>\n\t\t\t\t<div class=\"elementor-column elementor-col-50 elementor-top-column elementor-element elementor-element-b5bbe25\" data-id=\"b5bbe25\" data-element_type=\"column\" data-settings=\"{&quot;background_background&quot;:&quot;classic&quot;}\">\n\t\t\t<div class=\"elementor-widget-wrap elementor-element-populated\">\n\t\t\t\t\t\t\t\t<div class=\"elementor-element elementor-element-cdf58eb elementor-widget elementor-widget-text-editor\" data-id=\"cdf58eb\" data-element_type=\"widget\" data-widget_type=\"text-editor.default\">\n\t\t\t\t<div class=\"elementor-widget-container\">\n\t\t\t<style>\/*! elementor - v3.14.0 - 26-06-2023 *\/\n.elementor-widget-text-editor.elementor-drop-cap-view-stacked .elementor-drop-cap{background-color:#69727d;color:#fff}.elementor-widget-text-editor.elementor-drop-cap-view-framed .elementor-drop-cap{color:#69727d;border:3px solid;background-color:transparent}.elementor-widget-text-editor:not(.elementor-drop-cap-view-default) .elementor-drop-cap{margin-top:8px}.elementor-widget-text-editor:not(.elementor-drop-cap-view-default) .elementor-drop-cap-letter{width:1em;height:1em}.elementor-widget-text-editor .elementor-drop-cap{float:left;text-align:center;line-height:1;font-size:50px}.elementor-widget-text-editor .elementor-drop-cap-letter{display:inline-block}<\/style>\t\t\t\t<p>Civil law is extremely broad and varied because of the dynamics of life and the\ndiversity of relationships that arise between individuals on a daily basis. With our in-\ndepth knowledge of civil law, we assist our clients by advising and representing them\nin legal relations or in concluding transactions, by preparing the necessary\ndocumentation for concluding civil law transactions, by providing legal opinions, as\nwell as by interpreting and mediating in the settlement of disputes between the\nparties, and by advising and representing our clients in court proceedings at all\nlevels.<\/p><p>The classic areas of civil law in which we provide our clients with comprehensive and\nefficient solutions include the law of obligations (tort law, contract law, etc.), the law of\nproperty (e.g. neighbour law) and inheritance law. The broader concept of civil law\nalso includes family law (divorce, children, contacts, maintenance, etc.) and civil\nenforcement law. In addition to the above, within civil law, we also advise and\nrepresent clients in the areas of real estate law, medical law, media law, land registry\nlaw and sports law.<\/p>\t\t\t\t\t\t<\/div>\n\t\t\t\t<\/div>\n\t\t\t\t\t<\/div>\n\t\t<\/div>\n\t\t\t\t\t\t\t<\/div>\n\t\t<\/section>\n\t\t\t\t\t\t\t<\/div>","protected":false},"excerpt":{"rendered":"<p>CIVILNO PRAVO Civilno pravo je zaradi \u017eivljenjske dinamike in raznolikosti razmerij, ki vsakodnevno nastajajo med posamezniki, izjemno \u0161iroko in razvejano. S poglobljenim poznavanjem podro\u010dij civilnega prava na\u0161im strankam pomagamo s svetovanjem in zastopanjem v pravnih razmerjih ali pri sklepanju poslov, pripravimo potrebno dokumentacijo za sklepanje poslov civilnega prava, nudimo pravna mnenja, ter razlage in posredovanje&hellip;&nbsp;<a href=\"https:\/\/paulin-op.si\/en\/civilno-pravo\/\" class=\"\" rel=\"bookmark\">Read More &raquo;<span class=\"screen-reader-text\">Civil Law<\/span><\/a><\/p>","protected":false},"author":1,"featured_media":0,"parent":0,"menu_order":0,"comment_status":"closed","ping_status":"closed","template":"page-templates\/template-pagebuilder-full-width.php","meta":{"neve_meta_sidebar":"","neve_meta_container":"","neve_meta_enable_content_width":"","neve_meta_content_width":0,"neve_meta_title_alignment":"","neve_meta_author_avatar":"","neve_post_elements_order":"","neve_meta_disable_header":"","neve_meta_disable_footer":"","neve_meta_disable_title":"","footnotes":""},"class_list":["post-451","page","type-page","status-publish","hentry"],"yoast_head":"<!-- This site is optimized with the Yoast SEO plugin v20.10 - https:\/\/yoast.com\/wordpress\/plugins\/seo\/ -->\n<title>Civilno pravo |<\/title>\n<meta name=\"robots\" content=\"index, follow, max-snippet:-1, max-image-preview:large, max-video-preview:-1\" \/>\n<link rel=\"canonical\" href=\"https:\/\/paulin-op.si\/en\/civilno-pravo\/\" \/>\n<meta property=\"og:locale\" content=\"en_US\" \/>\n<meta property=\"og:type\" content=\"article\" \/>\n<meta property=\"og:title\" content=\"Civilno pravo |\" \/>\n<meta property=\"og:description\" content=\"CIVILNO PRAVO Civilno pravo je zaradi \u017eivljenjske dinamike in raznolikosti razmerij, ki vsakodnevno nastajajo med posamezniki, izjemno \u0161iroko in razvejano. S poglobljenim poznavanjem podro\u010dij civilnega prava na\u0161im strankam pomagamo s svetovanjem in zastopanjem v pravnih razmerjih ali pri sklepanju poslov, pripravimo potrebno dokumentacijo za sklepanje poslov civilnega prava, nudimo pravna mnenja, ter razlage in posredovanje&hellip;&nbsp;Read More &raquo;Civilno pravo\" \/>\n<meta property=\"og:url\" content=\"https:\/\/paulin-op.si\/en\/civilno-pravo\/\" \/>\n<meta property=\"article:modified_time\" content=\"2023-04-23T19:35:58+00:00\" \/>\n<meta property=\"og:image\" content=\"https:\/\/paulin-op.si\/wp-content\/uploads\/2023\/04\/ALjaz-15-1024x682.jpg\" \/>\n<meta name=\"twitter:card\" content=\"summary_large_image\" \/>\n<script type=\"application\/ld+json\" class=\"yoast-schema-graph\">{\"@context\":\"https:\/\/schema.org\",\"@graph\":[{\"@type\":\"WebPage\",\"@id\":\"https:\/\/paulin-op.si\/civilno-pravo\/\",\"url\":\"https:\/\/paulin-op.si\/civilno-pravo\/\",\"name\":\"Civilno pravo |\",\"isPartOf\":{\"@id\":\"https:\/\/paulin-op.si\/#website\"},\"datePublished\":\"2023-04-03T18:33:26+00:00\",\"dateModified\":\"2023-04-23T19:35:58+00:00\",\"breadcrumb\":{\"@id\":\"https:\/\/paulin-op.si\/civilno-pravo\/#breadcrumb\"},\"inLanguage\":\"en-US\",\"potentialAction\":[{\"@type\":\"ReadAction\",\"target\":[\"https:\/\/paulin-op.si\/civilno-pravo\/\"]}]},{\"@type\":\"BreadcrumbList\",\"@id\":\"https:\/\/paulin-op.si\/civilno-pravo\/#breadcrumb\",\"itemListElement\":[{\"@type\":\"ListItem\",\"position\":1,\"name\":\"Home\",\"item\":\"https:\/\/paulin-op.si\/\"},{\"@type\":\"ListItem\",\"position\":2,\"name\":\"Civilno pravo\"}]},{\"@type\":\"WebSite\",\"@id\":\"https:\/\/paulin-op.si\/#website\",\"url\":\"https:\/\/paulin-op.si\/\",\"name\":\"Odvetni\u0161ka pisarna Paulin\",\"description\":\"Odvetni\u0161ka pisarna\",\"publisher\":{\"@id\":\"https:\/\/paulin-op.si\/#organization\"},\"alternateName\":\"Paulin op\",\"potentialAction\":[{\"@type\":\"SearchAction\",\"target\":{\"@type\":\"EntryPoint\",\"urlTemplate\":\"https:\/\/paulin-op.si\/?s={search_term_string}\"},\"query-input\":\"required name=search_term_string\"}],\"inLanguage\":\"en-US\"},{\"@type\":\"Organization\",\"@id\":\"https:\/\/paulin-op.si\/#organization\",\"name\":\"Odvetni\u0161ka pisarna Paulin\",\"alternateName\":\"Paulin op\",\"url\":\"https:\/\/paulin-op.si\/\",\"logo\":{\"@type\":\"ImageObject\",\"inLanguage\":\"en-US\",\"@id\":\"https:\/\/paulin-op.si\/#\/schema\/logo\/image\/\",\"url\":\"https:\/\/paulin-op.si\/wp-content\/uploads\/2023\/03\/Paulin_logo-08-01.png\",\"contentUrl\":\"https:\/\/paulin-op.si\/wp-content\/uploads\/2023\/03\/Paulin_logo-08-01.png\",\"width\":473,\"height\":217,\"caption\":\"Odvetni\u0161ka pisarna Paulin\"},\"image\":{\"@id\":\"https:\/\/paulin-op.si\/#\/schema\/logo\/image\/\"}}]}<\/script>\n<!-- \/ Yoast SEO plugin. -->","yoast_head_json":{"title":"Civilno pravo |","robots":{"index":"index","follow":"follow","max-snippet":"max-snippet:-1","max-image-preview":"max-image-preview:large","max-video-preview":"max-video-preview:-1"},"canonical":"https:\/\/paulin-op.si\/en\/civilno-pravo\/","og_locale":"en_US","og_type":"article","og_title":"Civilno pravo |","og_description":"CIVILNO PRAVO Civilno pravo je zaradi \u017eivljenjske dinamike in raznolikosti razmerij, ki vsakodnevno nastajajo med posamezniki, izjemno \u0161iroko in razvejano. S poglobljenim poznavanjem podro\u010dij civilnega prava na\u0161im strankam pomagamo s svetovanjem in zastopanjem v pravnih razmerjih ali pri sklepanju poslov, pripravimo potrebno dokumentacijo za sklepanje poslov civilnega prava, nudimo pravna mnenja, ter razlage in posredovanje&hellip;&nbsp;Read More &raquo;Civilno pravo","og_url":"https:\/\/paulin-op.si\/en\/civilno-pravo\/","article_modified_time":"2023-04-23T19:35:58+00:00","og_image":[{"url":"https:\/\/paulin-op.si\/wp-content\/uploads\/2023\/04\/ALjaz-15-1024x682.jpg"}],"twitter_card":"summary_large_image","schema":{"@context":"https:\/\/schema.org","@graph":[{"@type":"WebPage","@id":"https:\/\/paulin-op.si\/civilno-pravo\/","url":"https:\/\/paulin-op.si\/civilno-pravo\/","name":"Civilno pravo |","isPartOf":{"@id":"https:\/\/paulin-op.si\/#website"},"datePublished":"2023-04-03T18:33:26+00:00","dateModified":"2023-04-23T19:35:58+00:00","breadcrumb":{"@id":"https:\/\/paulin-op.si\/civilno-pravo\/#breadcrumb"},"inLanguage":"en-US","potentialAction":[{"@type":"ReadAction","target":["https:\/\/paulin-op.si\/civilno-pravo\/"]}]},{"@type":"BreadcrumbList","@id":"https:\/\/paulin-op.si\/civilno-pravo\/#breadcrumb","itemListElement":[{"@type":"ListItem","position":1,"name":"Home","item":"https:\/\/paulin-op.si\/"},{"@type":"ListItem","position":2,"name":"Civilno pravo"}]},{"@type":"WebSite","@id":"https:\/\/paulin-op.si\/#website","url":"https:\/\/paulin-op.si\/","name":"Odvetni\u0161ka pisarna Paulin","description":"Odvetni\u0161ka pisarna","publisher":{"@id":"https:\/\/paulin-op.si\/#organization"},"alternateName":"Paulin op","potentialAction":[{"@type":"SearchAction","target":{"@type":"EntryPoint","urlTemplate":"https:\/\/paulin-op.si\/?s={search_term_string}"},"query-input":"required name=search_term_string"}],"inLanguage":"en-US"},{"@type":"Organization","@id":"https:\/\/paulin-op.si\/#organization","name":"Odvetni\u0161ka pisarna Paulin","alternateName":"Paulin op","url":"https:\/\/paulin-op.si\/","logo":{"@type":"ImageObject","inLanguage":"en-US","@id":"https:\/\/paulin-op.si\/#\/schema\/logo\/image\/","url":"https:\/\/paulin-op.si\/wp-content\/uploads\/2023\/03\/Paulin_logo-08-01.png","contentUrl":"https:\/\/paulin-op.si\/wp-content\/uploads\/2023\/03\/Paulin_logo-08-01.png","width":473,"height":217,"caption":"Odvetni\u0161ka pisarna Paulin"},"image":{"@id":"https:\/\/paulin-op.si\/#\/schema\/logo\/image\/"}}]}},"_links":{"self":[{"href":"https:\/\/paulin-op.si\/en\/wp-json\/wp\/v2\/pages\/451","targetHints":{"allow":["GET"]}}],"collection":[{"href":"https:\/\/paulin-op.si\/en\/wp-json\/wp\/v2\/pages"}],"about":[{"href":"https:\/\/paulin-op.si\/en\/wp-json\/wp\/v2\/types\/page"}],"author":[{"embeddable":true,"href":"https:\/\/paulin-op.si\/en\/wp-json\/wp\/v2\/users\/1"}],"replies":[{"embeddable":true,"href":"https:\/\/paulin-op.si\/en\/wp-json\/wp\/v2\/comments?post=451"}],"version-history":[{"count":22,"href":"https:\/\/paulin-op.si\/en\/wp-json\/wp\/v2\/pages\/451\/revisions"}],"predecessor-version":[{"id":1306,"href":"https:\/\/paulin-op.si\/en\/wp-json\/wp\/v2\/pages\/451\/revisions\/1306"}],"wp:attachment":[{"href":"https:\/\/paulin-op.si\/en\/wp-json\/wp\/v2\/media?parent=451"}],"curies":[{"name":"wp","href":"https:\/\/api.w.org\/{rel}","templated":true}]}}