{"id":453,"date":"2023-04-03T18:34:05","date_gmt":"2023-04-03T18:34:05","guid":{"rendered":"https:\/\/paulin-op.si\/?page_id=453"},"modified":"2023-04-23T17:04:54","modified_gmt":"2023-04-23T17:04:54","slug":"delovno-pravo-in-pravo-socialne-varnosti","status":"publish","type":"page","link":"https:\/\/paulin-op.si\/en\/delovno-pravo-in-pravo-socialne-varnosti\/","title":{"rendered":"Delovno pravo in pravo socialne varnosti"},"content":{"rendered":"<div data-elementor-type=\"wp-page\" data-elementor-id=\"453\" class=\"elementor elementor-453\">\n\t\t\t\t\t\t\t\t\t<section class=\"elementor-section elementor-top-section elementor-element elementor-element-cc9a4df elementor-section-boxed elementor-section-height-default elementor-section-height-default\" data-id=\"cc9a4df\" data-element_type=\"section\">\n\t\t\t\t\t\t<div class=\"elementor-container elementor-column-gap-default\">\n\t\t\t\t\t<div class=\"elementor-column elementor-col-100 elementor-top-column elementor-element elementor-element-6cfa4a3\" data-id=\"6cfa4a3\" data-element_type=\"column\">\n\t\t\t<div class=\"elementor-widget-wrap elementor-element-populated\">\n\t\t\t\t\t\t\t\t<div class=\"elementor-element elementor-element-63628c0 elementor-widget elementor-widget-heading\" data-id=\"63628c0\" data-element_type=\"widget\" data-widget_type=\"heading.default\">\n\t\t\t\t<div class=\"elementor-widget-container\">\n\t\t\t<style>\/*! elementor - v3.14.0 - 26-06-2023 *\/\n.elementor-heading-title{padding:0;margin:0;line-height:1}.elementor-widget-heading .elementor-heading-title[class*=elementor-size-]>a{color:inherit;font-size:inherit;line-height:inherit}.elementor-widget-heading .elementor-heading-title.elementor-size-small{font-size:15px}.elementor-widget-heading .elementor-heading-title.elementor-size-medium{font-size:19px}.elementor-widget-heading .elementor-heading-title.elementor-size-large{font-size:29px}.elementor-widget-heading .elementor-heading-title.elementor-size-xl{font-size:39px}.elementor-widget-heading .elementor-heading-title.elementor-size-xxl{font-size:59px}<\/style><h2 class=\"elementor-heading-title elementor-size-default\">DELOVNO PRAVO  IN  PRAVO SOCIALNE VARNOSTI<\/h2>\t\t<\/div>\n\t\t\t\t<\/div>\n\t\t\t\t<div class=\"elementor-element elementor-element-8647ad1 elementor-widget-divider--view-line elementor-widget elementor-widget-divider\" data-id=\"8647ad1\" data-element_type=\"widget\" data-widget_type=\"divider.default\">\n\t\t\t\t<div class=\"elementor-widget-container\">\n\t\t\t<style>\/*! elementor - v3.14.0 - 26-06-2023 *\/\n.elementor-widget-divider{--divider-border-style:none;--divider-border-width:1px;--divider-color:#0c0d0e;--divider-icon-size:20px;--divider-element-spacing:10px;--divider-pattern-height:24px;--divider-pattern-size:20px;--divider-pattern-url:none;--divider-pattern-repeat:repeat-x}.elementor-widget-divider .elementor-divider{display:flex}.elementor-widget-divider .elementor-divider__text{font-size:15px;line-height:1;max-width:95%}.elementor-widget-divider .elementor-divider__element{margin:0 var(--divider-element-spacing);flex-shrink:0}.elementor-widget-divider .elementor-icon{font-size:var(--divider-icon-size)}.elementor-widget-divider .elementor-divider-separator{display:flex;margin:0;direction:ltr}.elementor-widget-divider--view-line_icon .elementor-divider-separator,.elementor-widget-divider--view-line_text .elementor-divider-separator{align-items:center}.elementor-widget-divider--view-line_icon .elementor-divider-separator:after,.elementor-widget-divider--view-line_icon .elementor-divider-separator:before,.elementor-widget-divider--view-line_text .elementor-divider-separator:after,.elementor-widget-divider--view-line_text .elementor-divider-separator:before{display:block;content:\"\";border-bottom:0;flex-grow:1;border-top:var(--divider-border-width) var(--divider-border-style) var(--divider-color)}.elementor-widget-divider--element-align-left .elementor-divider .elementor-divider-separator>.elementor-divider__svg:first-of-type{flex-grow:0;flex-shrink:100}.elementor-widget-divider--element-align-left .elementor-divider-separator:before{content:none}.elementor-widget-divider--element-align-left .elementor-divider__element{margin-left:0}.elementor-widget-divider--element-align-right .elementor-divider .elementor-divider-separator>.elementor-divider__svg:last-of-type{flex-grow:0;flex-shrink:100}.elementor-widget-divider--element-align-right .elementor-divider-separator:after{content:none}.elementor-widget-divider--element-align-right .elementor-divider__element{margin-right:0}.elementor-widget-divider:not(.elementor-widget-divider--view-line_text):not(.elementor-widget-divider--view-line_icon) .elementor-divider-separator{border-top:var(--divider-border-width) var(--divider-border-style) var(--divider-color)}.elementor-widget-divider--separator-type-pattern{--divider-border-style:none}.elementor-widget-divider--separator-type-pattern.elementor-widget-divider--view-line .elementor-divider-separator,.elementor-widget-divider--separator-type-pattern:not(.elementor-widget-divider--view-line) .elementor-divider-separator:after,.elementor-widget-divider--separator-type-pattern:not(.elementor-widget-divider--view-line) .elementor-divider-separator:before,.elementor-widget-divider--separator-type-pattern:not([class*=elementor-widget-divider--view]) .elementor-divider-separator{width:100%;min-height:var(--divider-pattern-height);-webkit-mask-size:var(--divider-pattern-size) 100%;mask-size:var(--divider-pattern-size) 100%;-webkit-mask-repeat:var(--divider-pattern-repeat);mask-repeat:var(--divider-pattern-repeat);background-color:var(--divider-color);-webkit-mask-image:var(--divider-pattern-url);mask-image:var(--divider-pattern-url)}.elementor-widget-divider--no-spacing{--divider-pattern-size:auto}.elementor-widget-divider--bg-round{--divider-pattern-repeat:round}.rtl .elementor-widget-divider .elementor-divider__text{direction:rtl}.e-con-inner>.elementor-widget-divider,.e-con>.elementor-widget-divider{width:var(--container-widget-width,100%);--flex-grow:var(--container-widget-flex-grow)}<\/style>\t\t<div class=\"elementor-divider\">\n\t\t\t<span class=\"elementor-divider-separator\">\n\t\t\t\t\t\t<\/span>\n\t\t<\/div>\n\t\t\t\t<\/div>\n\t\t\t\t<\/div>\n\t\t\t\t<section class=\"elementor-section elementor-inner-section elementor-element elementor-element-d53f286 elementor-section-boxed elementor-section-height-default elementor-section-height-default\" data-id=\"d53f286\" data-element_type=\"section\" data-settings=\"{&quot;background_background&quot;:&quot;classic&quot;}\">\n\t\t\t\t\t\t<div class=\"elementor-container elementor-column-gap-default\">\n\t\t\t\t\t<div class=\"elementor-column elementor-col-50 elementor-inner-column elementor-element elementor-element-5fa7dee\" data-id=\"5fa7dee\" data-element_type=\"column\">\n\t\t\t<div class=\"elementor-widget-wrap elementor-element-populated\">\n\t\t\t\t\t\t\t\t<div class=\"elementor-element elementor-element-0cc0423 elementor-widget elementor-widget-text-editor\" data-id=\"0cc0423\" data-element_type=\"widget\" data-widget_type=\"text-editor.default\">\n\t\t\t\t<div class=\"elementor-widget-container\">\n\t\t\t<style>\/*! elementor - v3.14.0 - 26-06-2023 *\/\n.elementor-widget-text-editor.elementor-drop-cap-view-stacked .elementor-drop-cap{background-color:#69727d;color:#fff}.elementor-widget-text-editor.elementor-drop-cap-view-framed .elementor-drop-cap{color:#69727d;border:3px solid;background-color:transparent}.elementor-widget-text-editor:not(.elementor-drop-cap-view-default) .elementor-drop-cap{margin-top:8px}.elementor-widget-text-editor:not(.elementor-drop-cap-view-default) .elementor-drop-cap-letter{width:1em;height:1em}.elementor-widget-text-editor .elementor-drop-cap{float:left;text-align:center;line-height:1;font-size:50px}.elementor-widget-text-editor .elementor-drop-cap-letter{display:inline-block}<\/style>\t\t\t\t<p>Our services include legal advice on the formation and termination of employment\nrelationships, the review and drafting of labour law acts, the regulation of employer-\nemployee relations, and the representation of clients in proceedings before the\ncompetent authorities, including both dispute resolution within the framework of\nemployers&#039; internal mechanisms (disciplinary proceedings) and before labour and\nsocial security courts, as well as through alternative dispute resolution methods. In\nthe context of comprehensive employer-employee relations, we assist clients in\nnegotiations with trade unions and works councils, and advise them on major\nreorganisations, mass redundancies and also on restructuring procedures (either as\npart of insolvency proceedings or regular reorganisations).<br \/><br \/>Pri opravljanju na\u0161ih storitev in nalog na podro\u010dju delovnega prava se zavedamo, da je razmerje med delavci in delodajalci \u0161e posebej pomembno. Tudi zato, in ob spo\u0161tovanju ter upo\u0161tevanju delovnopravnih standardov, na\u0161e storitve v enaki meri kot delodajalcem nudimo tudi delavcem v primerih diskriminatornih praks delodajalcev, trpin\u010denj na delovnih mestih in nasploh, ko so pravice delavcev kr\u0161ene.\u00a0Poleg tega strankam svetujemo pri uveljavljanju pravic iz zavarovanja za primer brezposelnosti, pravic iz\u00a0zdravstvenega, pokojninskega in invalidskega zavarovanja,\u00a0ter jih zastopamo v socialnih sporih pred sodi\u0161\u010di.<\/p><p>\u00a0<\/p>\t\t\t\t\t\t<\/div>\n\t\t\t\t<\/div>\n\t\t\t\t\t<\/div>\n\t\t<\/div>\n\t\t\t\t<div class=\"elementor-column elementor-col-50 elementor-inner-column elementor-element elementor-element-8aa6459\" data-id=\"8aa6459\" data-element_type=\"column\">\n\t\t\t<div class=\"elementor-widget-wrap elementor-element-populated\">\n\t\t\t\t\t\t\t\t<div class=\"elementor-element elementor-element-9f2e103 elementor-widget elementor-widget-image\" data-id=\"9f2e103\" data-element_type=\"widget\" data-widget_type=\"image.default\">\n\t\t\t\t<div class=\"elementor-widget-container\">\n\t\t\t<style>\/*! elementor - v3.14.0 - 26-06-2023 *\/\n.elementor-widget-image{text-align:center}.elementor-widget-image a{display:inline-block}.elementor-widget-image a img[src$=\".svg\"]{width:48px}.elementor-widget-image img{vertical-align:middle;display:inline-block}<\/style>\t\t\t\t\t\t\t\t\t\t\t\t<img loading=\"lazy\" decoding=\"async\" width=\"912\" height=\"704\" src=\"https:\/\/paulin-op.si\/wp-content\/uploads\/2023\/04\/Stroj-12-1.jpg\" class=\"attachment-large size-large wp-image-999\" alt=\"\" srcset=\"https:\/\/paulin-op.si\/wp-content\/uploads\/2023\/04\/Stroj-12-1.jpg 912w, https:\/\/paulin-op.si\/wp-content\/uploads\/2023\/04\/Stroj-12-1-300x232.jpg 300w, https:\/\/paulin-op.si\/wp-content\/uploads\/2023\/04\/Stroj-12-1-768x593.jpg 768w\" sizes=\"auto, (max-width: 912px) 100vw, 912px\" \/>\t\t\t\t\t\t\t\t\t\t\t\t\t\t\t<\/div>\n\t\t\t\t<\/div>\n\t\t\t\t\t<\/div>\n\t\t<\/div>\n\t\t\t\t\t\t\t<\/div>\n\t\t<\/section>\n\t\t\t\t\t<\/div>\n\t\t<\/div>\n\t\t\t\t\t\t\t<\/div>\n\t\t<\/section>\n\t\t\t\t\t\t\t<\/div>","protected":false},"excerpt":{"rendered":"<p>DELOVNO PRAVO IN PRAVO SOCIALNE VARNOSTI Na\u0161e storitve obsegajo pravno svetovanje pri nastajanju in prenehanju delovnih razmerij, pregledu in pripravi delovnopravnih aktov, urejanju odnosov med delodajalci in delavci ter zastopanje strank v postopkih pred pristojnimi organi, kar vklju\u010duje tako re\u0161evanje sporov v okviru internih mehanizmov delodajalcev (disciplinski postopki) kot pred delovnimi in socialnimi sodi\u0161\u010di ter&hellip;&nbsp;<a href=\"https:\/\/paulin-op.si\/en\/delovno-pravo-in-pravo-socialne-varnosti\/\" class=\"\" rel=\"bookmark\">Read More &raquo;<span class=\"screen-reader-text\">Delovno pravo in pravo socialne varnosti<\/span><\/a><\/p>","protected":false},"author":1,"featured_media":0,"parent":0,"menu_order":0,"comment_status":"closed","ping_status":"closed","template":"page-templates\/template-pagebuilder-full-width.php","meta":{"neve_meta_sidebar":"","neve_meta_container":"","neve_meta_enable_content_width":"","neve_meta_content_width":0,"neve_meta_title_alignment":"","neve_meta_author_avatar":"","neve_post_elements_order":"","neve_meta_disable_header":"","neve_meta_disable_footer":"","neve_meta_disable_title":"","footnotes":""},"class_list":["post-453","page","type-page","status-publish","hentry"],"yoast_head":"<!-- This site is optimized with the Yoast SEO plugin v20.10 - https:\/\/yoast.com\/wordpress\/plugins\/seo\/ -->\n<title>Delovno pravo in pravo socialne varnosti |<\/title>\n<meta name=\"robots\" content=\"index, follow, max-snippet:-1, max-image-preview:large, max-video-preview:-1\" \/>\n<link rel=\"canonical\" href=\"https:\/\/paulin-op.si\/en\/delovno-pravo-in-pravo-socialne-varnosti\/\" \/>\n<meta property=\"og:locale\" content=\"en_US\" \/>\n<meta property=\"og:type\" content=\"article\" \/>\n<meta property=\"og:title\" content=\"Delovno pravo in pravo socialne varnosti |\" \/>\n<meta property=\"og:description\" content=\"DELOVNO PRAVO IN PRAVO SOCIALNE VARNOSTI Na\u0161e storitve obsegajo pravno svetovanje pri nastajanju in prenehanju delovnih razmerij, pregledu in pripravi delovnopravnih aktov, urejanju odnosov med delodajalci in delavci ter zastopanje strank v postopkih pred pristojnimi organi, kar vklju\u010duje tako re\u0161evanje sporov v okviru internih mehanizmov delodajalcev (disciplinski postopki) kot pred delovnimi in socialnimi sodi\u0161\u010di ter&hellip;&nbsp;Read More &raquo;Delovno pravo in pravo socialne varnosti\" \/>\n<meta property=\"og:url\" content=\"https:\/\/paulin-op.si\/en\/delovno-pravo-in-pravo-socialne-varnosti\/\" \/>\n<meta property=\"article:modified_time\" content=\"2023-04-23T17:04:54+00:00\" \/>\n<meta property=\"og:image\" content=\"https:\/\/paulin-op.si\/wp-content\/uploads\/2023\/04\/Stroj-12-1.jpg\" \/>\n<meta name=\"twitter:card\" content=\"summary_large_image\" \/>\n<script type=\"application\/ld+json\" class=\"yoast-schema-graph\">{\"@context\":\"https:\/\/schema.org\",\"@graph\":[{\"@type\":\"WebPage\",\"@id\":\"https:\/\/paulin-op.si\/delovno-pravo-in-pravo-socialne-varnosti\/\",\"url\":\"https:\/\/paulin-op.si\/delovno-pravo-in-pravo-socialne-varnosti\/\",\"name\":\"Delovno pravo in pravo socialne varnosti |\",\"isPartOf\":{\"@id\":\"https:\/\/paulin-op.si\/#website\"},\"datePublished\":\"2023-04-03T18:34:05+00:00\",\"dateModified\":\"2023-04-23T17:04:54+00:00\",\"breadcrumb\":{\"@id\":\"https:\/\/paulin-op.si\/delovno-pravo-in-pravo-socialne-varnosti\/#breadcrumb\"},\"inLanguage\":\"en-US\",\"potentialAction\":[{\"@type\":\"ReadAction\",\"target\":[\"https:\/\/paulin-op.si\/delovno-pravo-in-pravo-socialne-varnosti\/\"]}]},{\"@type\":\"BreadcrumbList\",\"@id\":\"https:\/\/paulin-op.si\/delovno-pravo-in-pravo-socialne-varnosti\/#breadcrumb\",\"itemListElement\":[{\"@type\":\"ListItem\",\"position\":1,\"name\":\"Home\",\"item\":\"https:\/\/paulin-op.si\/\"},{\"@type\":\"ListItem\",\"position\":2,\"name\":\"Delovno pravo in pravo socialne varnosti\"}]},{\"@type\":\"WebSite\",\"@id\":\"https:\/\/paulin-op.si\/#website\",\"url\":\"https:\/\/paulin-op.si\/\",\"name\":\"Odvetni\u0161ka pisarna Paulin\",\"description\":\"Odvetni\u0161ka pisarna\",\"publisher\":{\"@id\":\"https:\/\/paulin-op.si\/#organization\"},\"alternateName\":\"Paulin op\",\"potentialAction\":[{\"@type\":\"SearchAction\",\"target\":{\"@type\":\"EntryPoint\",\"urlTemplate\":\"https:\/\/paulin-op.si\/?s={search_term_string}\"},\"query-input\":\"required name=search_term_string\"}],\"inLanguage\":\"en-US\"},{\"@type\":\"Organization\",\"@id\":\"https:\/\/paulin-op.si\/#organization\",\"name\":\"Odvetni\u0161ka pisarna Paulin\",\"alternateName\":\"Paulin op\",\"url\":\"https:\/\/paulin-op.si\/\",\"logo\":{\"@type\":\"ImageObject\",\"inLanguage\":\"en-US\",\"@id\":\"https:\/\/paulin-op.si\/#\/schema\/logo\/image\/\",\"url\":\"https:\/\/paulin-op.si\/wp-content\/uploads\/2023\/03\/Paulin_logo-08-01.png\",\"contentUrl\":\"https:\/\/paulin-op.si\/wp-content\/uploads\/2023\/03\/Paulin_logo-08-01.png\",\"width\":473,\"height\":217,\"caption\":\"Odvetni\u0161ka pisarna Paulin\"},\"image\":{\"@id\":\"https:\/\/paulin-op.si\/#\/schema\/logo\/image\/\"}}]}<\/script>\n<!-- \/ Yoast SEO plugin. -->","yoast_head_json":{"title":"Delovno pravo in pravo socialne varnosti |","robots":{"index":"index","follow":"follow","max-snippet":"max-snippet:-1","max-image-preview":"max-image-preview:large","max-video-preview":"max-video-preview:-1"},"canonical":"https:\/\/paulin-op.si\/en\/delovno-pravo-in-pravo-socialne-varnosti\/","og_locale":"en_US","og_type":"article","og_title":"Delovno pravo in pravo socialne varnosti |","og_description":"DELOVNO PRAVO IN PRAVO SOCIALNE VARNOSTI Na\u0161e storitve obsegajo pravno svetovanje pri nastajanju in prenehanju delovnih razmerij, pregledu in pripravi delovnopravnih aktov, urejanju odnosov med delodajalci in delavci ter zastopanje strank v postopkih pred pristojnimi organi, kar vklju\u010duje tako re\u0161evanje sporov v okviru internih mehanizmov delodajalcev (disciplinski postopki) kot pred delovnimi in socialnimi sodi\u0161\u010di ter&hellip;&nbsp;Read More &raquo;Delovno pravo in pravo socialne varnosti","og_url":"https:\/\/paulin-op.si\/en\/delovno-pravo-in-pravo-socialne-varnosti\/","article_modified_time":"2023-04-23T17:04:54+00:00","og_image":[{"url":"https:\/\/paulin-op.si\/wp-content\/uploads\/2023\/04\/Stroj-12-1.jpg"}],"twitter_card":"summary_large_image","schema":{"@context":"https:\/\/schema.org","@graph":[{"@type":"WebPage","@id":"https:\/\/paulin-op.si\/delovno-pravo-in-pravo-socialne-varnosti\/","url":"https:\/\/paulin-op.si\/delovno-pravo-in-pravo-socialne-varnosti\/","name":"Delovno pravo in pravo socialne varnosti |","isPartOf":{"@id":"https:\/\/paulin-op.si\/#website"},"datePublished":"2023-04-03T18:34:05+00:00","dateModified":"2023-04-23T17:04:54+00:00","breadcrumb":{"@id":"https:\/\/paulin-op.si\/delovno-pravo-in-pravo-socialne-varnosti\/#breadcrumb"},"inLanguage":"en-US","potentialAction":[{"@type":"ReadAction","target":["https:\/\/paulin-op.si\/delovno-pravo-in-pravo-socialne-varnosti\/"]}]},{"@type":"BreadcrumbList","@id":"https:\/\/paulin-op.si\/delovno-pravo-in-pravo-socialne-varnosti\/#breadcrumb","itemListElement":[{"@type":"ListItem","position":1,"name":"Home","item":"https:\/\/paulin-op.si\/"},{"@type":"ListItem","position":2,"name":"Delovno pravo in pravo socialne varnosti"}]},{"@type":"WebSite","@id":"https:\/\/paulin-op.si\/#website","url":"https:\/\/paulin-op.si\/","name":"Odvetni\u0161ka pisarna Paulin","description":"Odvetni\u0161ka pisarna","publisher":{"@id":"https:\/\/paulin-op.si\/#organization"},"alternateName":"Paulin op","potentialAction":[{"@type":"SearchAction","target":{"@type":"EntryPoint","urlTemplate":"https:\/\/paulin-op.si\/?s={search_term_string}"},"query-input":"required name=search_term_string"}],"inLanguage":"en-US"},{"@type":"Organization","@id":"https:\/\/paulin-op.si\/#organization","name":"Odvetni\u0161ka pisarna Paulin","alternateName":"Paulin op","url":"https:\/\/paulin-op.si\/","logo":{"@type":"ImageObject","inLanguage":"en-US","@id":"https:\/\/paulin-op.si\/#\/schema\/logo\/image\/","url":"https:\/\/paulin-op.si\/wp-content\/uploads\/2023\/03\/Paulin_logo-08-01.png","contentUrl":"https:\/\/paulin-op.si\/wp-content\/uploads\/2023\/03\/Paulin_logo-08-01.png","width":473,"height":217,"caption":"Odvetni\u0161ka pisarna Paulin"},"image":{"@id":"https:\/\/paulin-op.si\/#\/schema\/logo\/image\/"}}]}},"_links":{"self":[{"href":"https:\/\/paulin-op.si\/en\/wp-json\/wp\/v2\/pages\/453","targetHints":{"allow":["GET"]}}],"collection":[{"href":"https:\/\/paulin-op.si\/en\/wp-json\/wp\/v2\/pages"}],"about":[{"href":"https:\/\/paulin-op.si\/en\/wp-json\/wp\/v2\/types\/page"}],"author":[{"embeddable":true,"href":"https:\/\/paulin-op.si\/en\/wp-json\/wp\/v2\/users\/1"}],"replies":[{"embeddable":true,"href":"https:\/\/paulin-op.si\/en\/wp-json\/wp\/v2\/comments?post=453"}],"version-history":[{"count":58,"href":"https:\/\/paulin-op.si\/en\/wp-json\/wp\/v2\/pages\/453\/revisions"}],"predecessor-version":[{"id":1275,"href":"https:\/\/paulin-op.si\/en\/wp-json\/wp\/v2\/pages\/453\/revisions\/1275"}],"wp:attachment":[{"href":"https:\/\/paulin-op.si\/en\/wp-json\/wp\/v2\/media?parent=453"}],"curies":[{"name":"wp","href":"https:\/\/api.w.org\/{rel}","templated":true}]}}