{"id":48,"date":"2023-03-21T17:53:25","date_gmt":"2023-03-21T17:53:25","guid":{"rendered":"https:\/\/paulin-op.si\/?page_id=48"},"modified":"2023-04-22T19:40:40","modified_gmt":"2023-04-22T19:40:40","slug":"kontakt","status":"publish","type":"page","link":"https:\/\/paulin-op.si\/en\/kontakt\/","title":{"rendered":"Contact"},"content":{"rendered":"<div data-elementor-type=\"wp-page\" data-elementor-id=\"48\" class=\"elementor elementor-48\">\n\t\t\t\t\t\t\t\t\t<section class=\"elementor-section elementor-top-section elementor-element elementor-element-314f21c elementor-section-boxed elementor-section-height-default elementor-section-height-default\" data-id=\"314f21c\" data-element_type=\"section\">\n\t\t\t\t\t\t<div class=\"elementor-container elementor-column-gap-default\">\n\t\t\t\t\t<div class=\"elementor-column elementor-col-100 elementor-top-column elementor-element elementor-element-b6fa8b8\" data-id=\"b6fa8b8\" data-element_type=\"column\">\n\t\t\t<div class=\"elementor-widget-wrap elementor-element-populated\">\n\t\t\t\t\t\t\t\t<div class=\"elementor-element elementor-element-bb47d87 elementor-widget elementor-widget-heading\" data-id=\"bb47d87\" data-element_type=\"widget\" data-widget_type=\"heading.default\">\n\t\t\t\t<div class=\"elementor-widget-container\">\n\t\t\t<style>\/*! elementor - v3.14.0 - 26-06-2023 *\/\n.elementor-heading-title{padding:0;margin:0;line-height:1}.elementor-widget-heading .elementor-heading-title[class*=elementor-size-]>a{color:inherit;font-size:inherit;line-height:inherit}.elementor-widget-heading .elementor-heading-title.elementor-size-small{font-size:15px}.elementor-widget-heading .elementor-heading-title.elementor-size-medium{font-size:19px}.elementor-widget-heading .elementor-heading-title.elementor-size-large{font-size:29px}.elementor-widget-heading .elementor-heading-title.elementor-size-xl{font-size:39px}.elementor-widget-heading .elementor-heading-title.elementor-size-xxl{font-size:59px}<\/style><h2 class=\"elementor-heading-title elementor-size-default\">Contact<\/h2>\t\t<\/div>\n\t\t\t\t<\/div>\n\t\t\t\t\t<\/div>\n\t\t<\/div>\n\t\t\t\t\t\t\t<\/div>\n\t\t<\/section>\n\t\t\t\t<section class=\"elementor-section elementor-top-section elementor-element elementor-element-5e79c7b elementor-section-boxed elementor-section-height-default elementor-section-height-default\" data-id=\"5e79c7b\" data-element_type=\"section\">\n\t\t\t\t\t\t<div class=\"elementor-container elementor-column-gap-default\">\n\t\t\t\t\t<div class=\"elementor-column elementor-col-50 elementor-top-column elementor-element elementor-element-1af3a8f\" data-id=\"1af3a8f\" data-element_type=\"column\">\n\t\t\t<div class=\"elementor-widget-wrap elementor-element-populated\">\n\t\t\t\t\t\t\t\t<div class=\"elementor-element elementor-element-97f2ad1 elementor-widget__width-initial elementor-widget elementor-widget-text-editor\" data-id=\"97f2ad1\" data-element_type=\"widget\" data-widget_type=\"text-editor.default\">\n\t\t\t\t<div class=\"elementor-widget-container\">\n\t\t\t<style>\/*! elementor - v3.14.0 - 26-06-2023 *\/\n.elementor-widget-text-editor.elementor-drop-cap-view-stacked .elementor-drop-cap{background-color:#69727d;color:#fff}.elementor-widget-text-editor.elementor-drop-cap-view-framed .elementor-drop-cap{color:#69727d;border:3px solid;background-color:transparent}.elementor-widget-text-editor:not(.elementor-drop-cap-view-default) .elementor-drop-cap{margin-top:8px}.elementor-widget-text-editor:not(.elementor-drop-cap-view-default) .elementor-drop-cap-letter{width:1em;height:1em}.elementor-widget-text-editor .elementor-drop-cap{float:left;text-align:center;line-height:1;font-size:50px}.elementor-widget-text-editor .elementor-drop-cap-letter{display:inline-block}<\/style>\t\t\t\t<p>Odvetni\u0161ka pisarna Paulin<br \/>Kotnikova ulica 12<br \/>1000 Ljubljana<br \/>Slovenia<\/p><p>P: +386 (0)59 219 770<br \/>F: +386 (0)59 219 789<br \/>E:\u00a0<a href=\"mailto:info@paulin-op.si\">info@paulin-op.si<\/a><\/p>\t\t\t\t\t\t<\/div>\n\t\t\t\t<\/div>\n\t\t\t\t\t<\/div>\n\t\t<\/div>\n\t\t\t\t<div class=\"elementor-column elementor-col-50 elementor-top-column elementor-element elementor-element-9d02f42\" data-id=\"9d02f42\" data-element_type=\"column\">\n\t\t\t<div class=\"elementor-widget-wrap elementor-element-populated\">\n\t\t\t\t\t\t\t\t<div class=\"elementor-element elementor-element-e7c126c elementor-widget elementor-widget-htmega-contactform-addons\" data-id=\"e7c126c\" data-element_type=\"widget\" data-widget_type=\"htmega-contactform-addons.default\">\n\t\t\t\t<div class=\"elementor-widget-container\">\n\t\t\t            <div class=\"htmega-form-wrapper htmega-form-style-4\" >\n                \n<div class=\"wpcf7 no-js\" id=\"wpcf7-f38-o1\" lang=\"sl-SI\" dir=\"ltr\">\n<div class=\"screen-reader-response\"><p role=\"status\" aria-live=\"polite\" aria-atomic=\"true\"><\/p> <ul><\/ul><\/div>\n<form action=\"\/en\/wp-json\/wp\/v2\/pages\/48#wpcf7-f38-o1\" method=\"post\" class=\"wpcf7-form init\" aria-label=\"Contact form\" novalidate=\"novalidate\" data-status=\"init\" data-trp-original-action=\"\/en\/wp-json\/wp\/v2\/pages\/48#wpcf7-f38-o1\">\n<div style=\"display: none;\">\n<input type=\"hidden\" name=\"_wpcf7\" value=\"38\" \/>\n<input type=\"hidden\" name=\"_wpcf7_version\" value=\"5.7.7\" \/>\n<input type=\"hidden\" name=\"_wpcf7_locale\" value=\"sl_SI\" \/>\n<input type=\"hidden\" name=\"_wpcf7_unit_tag\" value=\"wpcf7-f38-o1\" \/>\n<input type=\"hidden\" name=\"_wpcf7_container_post\" value=\"0\" \/>\n<input type=\"hidden\" name=\"_wpcf7_posted_data_hash\" value=\"\" \/>\n<\/div>\n<p><label> Your Name<br \/>\n<span class=\"wpcf7-form-control-wrap\" data-name=\"your-name\"><input size=\"40\" class=\"wpcf7-form-control wpcf7-text wpcf7-validates-as-required\" autocomplete=\"name\" aria-required=\"true\" aria-invalid=\"false\" value=\"\" type=\"text\" name=\"your-name\" \/><\/span> <\/label>\n<\/p>\n<p><label> Your E-mail<br \/>\n<span class=\"wpcf7-form-control-wrap\" data-name=\"your-email\"><input size=\"40\" class=\"wpcf7-form-control wpcf7-text wpcf7-email wpcf7-validates-as-required wpcf7-validates-as-email\" autocomplete=\"email\" aria-required=\"true\" aria-invalid=\"false\" value=\"\" type=\"email\" name=\"your-email\" \/><\/span> <\/label>\n<\/p>\n<p><label> Subject<br \/>\n<span class=\"wpcf7-form-control-wrap\" data-name=\"your-subject\"><input size=\"40\" class=\"wpcf7-form-control wpcf7-text wpcf7-validates-as-required\" aria-required=\"true\" aria-invalid=\"false\" value=\"\" type=\"text\" name=\"your-subject\" \/><\/span> <\/label>\n<\/p>\n<p><label> Your message (optional)<br \/>\n<span class=\"wpcf7-form-control-wrap\" data-name=\"your-message\"><textarea cols=\"40\" rows=\"10\" class=\"wpcf7-form-control wpcf7-textarea\" aria-invalid=\"false\" name=\"your-message\"><\/textarea><\/span> <\/label>\n<\/p>\n<p><input class=\"wpcf7-form-control has-spinner wpcf7-submit\" type=\"submit\" value=\"Send\" \/>\n<\/p><div class=\"wpcf7-response-output\" aria-hidden=\"true\"><\/div>\n<input type=\"hidden\" name=\"trp-form-language\" value=\"en\"\/><\/form>\n<\/div>\n            <\/div>\n\n        \t\t<\/div>\n\t\t\t\t<\/div>\n\t\t\t\t\t<\/div>\n\t\t<\/div>\n\t\t\t\t\t\t\t<\/div>\n\t\t<\/section>\n\t\t\t\t<section class=\"elementor-section elementor-top-section elementor-element elementor-element-13227aa elementor-section-boxed elementor-section-height-default elementor-section-height-default\" data-id=\"13227aa\" data-element_type=\"section\" data-settings=\"{&quot;background_background&quot;:&quot;classic&quot;}\">\n\t\t\t\t\t\t<div class=\"elementor-container elementor-column-gap-default\">\n\t\t\t\t\t<div class=\"elementor-column elementor-col-100 elementor-top-column elementor-element elementor-element-954813c\" data-id=\"954813c\" data-element_type=\"column\">\n\t\t\t<div class=\"elementor-widget-wrap\">\n\t\t\t\t\t\t\t\t\t<\/div>\n\t\t<\/div>\n\t\t\t\t\t\t\t<\/div>\n\t\t<\/section>\n\t\t\t\t<section class=\"elementor-section elementor-top-section elementor-element elementor-element-d91e784 elementor-section-boxed elementor-section-height-default elementor-section-height-default\" data-id=\"d91e784\" data-element_type=\"section\">\n\t\t\t\t\t\t<div class=\"elementor-container elementor-column-gap-default\">\n\t\t\t\t\t<div class=\"elementor-column elementor-col-100 elementor-top-column elementor-element elementor-element-379a6b8\" data-id=\"379a6b8\" data-element_type=\"column\">\n\t\t\t<div class=\"elementor-widget-wrap elementor-element-populated\">\n\t\t\t\t\t\t\t\t<div class=\"elementor-element elementor-element-65e51b1 elementor-widget elementor-widget-heading\" data-id=\"65e51b1\" data-element_type=\"widget\" data-widget_type=\"heading.default\">\n\t\t\t\t<div class=\"elementor-widget-container\">\n\t\t\t<h2 class=\"elementor-heading-title elementor-size-default\">Useful links<\/h2>\t\t<\/div>\n\t\t\t\t<\/div>\n\t\t\t\t<div class=\"elementor-element elementor-element-ec8f237 elementor-widget-divider--view-line elementor-widget elementor-widget-divider\" data-id=\"ec8f237\" data-element_type=\"widget\" data-widget_type=\"divider.default\">\n\t\t\t\t<div class=\"elementor-widget-container\">\n\t\t\t<style>\/*! elementor - v3.14.0 - 26-06-2023 *\/\n.elementor-widget-divider{--divider-border-style:none;--divider-border-width:1px;--divider-color:#0c0d0e;--divider-icon-size:20px;--divider-element-spacing:10px;--divider-pattern-height:24px;--divider-pattern-size:20px;--divider-pattern-url:none;--divider-pattern-repeat:repeat-x}.elementor-widget-divider .elementor-divider{display:flex}.elementor-widget-divider .elementor-divider__text{font-size:15px;line-height:1;max-width:95%}.elementor-widget-divider .elementor-divider__element{margin:0 var(--divider-element-spacing);flex-shrink:0}.elementor-widget-divider .elementor-icon{font-size:var(--divider-icon-size)}.elementor-widget-divider .elementor-divider-separator{display:flex;margin:0;direction:ltr}.elementor-widget-divider--view-line_icon .elementor-divider-separator,.elementor-widget-divider--view-line_text .elementor-divider-separator{align-items:center}.elementor-widget-divider--view-line_icon .elementor-divider-separator:after,.elementor-widget-divider--view-line_icon .elementor-divider-separator:before,.elementor-widget-divider--view-line_text .elementor-divider-separator:after,.elementor-widget-divider--view-line_text .elementor-divider-separator:before{display:block;content:\"\";border-bottom:0;flex-grow:1;border-top:var(--divider-border-width) var(--divider-border-style) var(--divider-color)}.elementor-widget-divider--element-align-left .elementor-divider .elementor-divider-separator>.elementor-divider__svg:first-of-type{flex-grow:0;flex-shrink:100}.elementor-widget-divider--element-align-left .elementor-divider-separator:before{content:none}.elementor-widget-divider--element-align-left .elementor-divider__element{margin-left:0}.elementor-widget-divider--element-align-right .elementor-divider .elementor-divider-separator>.elementor-divider__svg:last-of-type{flex-grow:0;flex-shrink:100}.elementor-widget-divider--element-align-right .elementor-divider-separator:after{content:none}.elementor-widget-divider--element-align-right .elementor-divider__element{margin-right:0}.elementor-widget-divider:not(.elementor-widget-divider--view-line_text):not(.elementor-widget-divider--view-line_icon) .elementor-divider-separator{border-top:var(--divider-border-width) var(--divider-border-style) var(--divider-color)}.elementor-widget-divider--separator-type-pattern{--divider-border-style:none}.elementor-widget-divider--separator-type-pattern.elementor-widget-divider--view-line .elementor-divider-separator,.elementor-widget-divider--separator-type-pattern:not(.elementor-widget-divider--view-line) .elementor-divider-separator:after,.elementor-widget-divider--separator-type-pattern:not(.elementor-widget-divider--view-line) .elementor-divider-separator:before,.elementor-widget-divider--separator-type-pattern:not([class*=elementor-widget-divider--view]) .elementor-divider-separator{width:100%;min-height:var(--divider-pattern-height);-webkit-mask-size:var(--divider-pattern-size) 100%;mask-size:var(--divider-pattern-size) 100%;-webkit-mask-repeat:var(--divider-pattern-repeat);mask-repeat:var(--divider-pattern-repeat);background-color:var(--divider-color);-webkit-mask-image:var(--divider-pattern-url);mask-image:var(--divider-pattern-url)}.elementor-widget-divider--no-spacing{--divider-pattern-size:auto}.elementor-widget-divider--bg-round{--divider-pattern-repeat:round}.rtl .elementor-widget-divider .elementor-divider__text{direction:rtl}.e-con-inner>.elementor-widget-divider,.e-con>.elementor-widget-divider{width:var(--container-widget-width,100%);--flex-grow:var(--container-widget-flex-grow)}<\/style>\t\t<div class=\"elementor-divider\">\n\t\t\t<span class=\"elementor-divider-separator\">\n\t\t\t\t\t\t<\/span>\n\t\t<\/div>\n\t\t\t\t<\/div>\n\t\t\t\t<\/div>\n\t\t\t\t\t<\/div>\n\t\t<\/div>\n\t\t\t\t\t\t\t<\/div>\n\t\t<\/section>\n\t\t\t\t<section class=\"elementor-section elementor-top-section elementor-element elementor-element-5080b6f elementor-section-boxed elementor-section-height-default elementor-section-height-default\" data-id=\"5080b6f\" data-element_type=\"section\">\n\t\t\t\t\t\t<div class=\"elementor-container elementor-column-gap-default\">\n\t\t\t\t\t<div class=\"elementor-column elementor-col-100 elementor-top-column elementor-element elementor-element-3700834\" data-id=\"3700834\" data-element_type=\"column\">\n\t\t\t<div class=\"elementor-widget-wrap elementor-element-populated\">\n\t\t\t\t\t\t\t\t<div class=\"elementor-element elementor-element-3ae876b elementor-widget elementor-widget-text-editor\" data-id=\"3ae876b\" data-element_type=\"widget\" data-widget_type=\"text-editor.default\">\n\t\t\t\t<div class=\"elementor-widget-container\">\n\t\t\t\t\t\t\t<p><a class=\"link\" href=\"http:\/\/www.odv-zb.si\/\" target=\"_blank\" rel=\"noopener\">Bar Association of Slovenia<\/a><br \/><a href=\"http:\/\/www.pisrs.si\/Pis.web\/sodnaPraksaRS;jsessionid=4-+IOFXQFwwxNckb1yyLY8++\" target=\"_blank\" rel=\"noopener\">Case law<\/a><br \/><a href=\"https:\/\/www.sodisce.si\/vsrs\/\" target=\"_blank\" rel=\"noopener\">Supreme Court of the Republic of Slovenia<\/a><br \/><a class=\"link\" href=\"http:\/\/curia.europa.eu\/jcms\/jcms\/j_6\/\" target=\"_blank\" rel=\"noopener\">Case Law of the Court of Justice of the European Union<\/a><\/p>\t\t\t\t\t\t<\/div>\n\t\t\t\t<\/div>\n\t\t\t\t\t<\/div>\n\t\t<\/div>\n\t\t\t\t\t\t\t<\/div>\n\t\t<\/section>\n\t\t\t\t\t\t\t<\/div>","protected":false},"excerpt":{"rendered":"<p>Kontakt Odvetni\u0161ka pisarna PaulinKotnikova ulica 121000 LjubljanaSlovenija T: +386 (0)59 219 770F: +386 (0)59 219 789E:\u00a0info@paulin-op.si Va\u0161e ime Va\u0161a e-po\u0161ta Zadeva Va\u0161e sporo\u010dilo (neobvezno) Uporabne povezave Odvetni\u0161ka zbornicaSodna praksa RSVrhovno sodi\u0161\u010de RSPraksa sodi\u0161\u010da Evropske unije<\/p>","protected":false},"author":1,"featured_media":0,"parent":0,"menu_order":0,"comment_status":"closed","ping_status":"closed","template":"page-templates\/template-pagebuilder-full-width.php","meta":{"neve_meta_sidebar":"","neve_meta_container":"","neve_meta_enable_content_width":"","neve_meta_content_width":0,"neve_meta_title_alignment":"","neve_meta_author_avatar":"","neve_post_elements_order":"","neve_meta_disable_header":"","neve_meta_disable_footer":"","neve_meta_disable_title":"","footnotes":""},"class_list":["post-48","page","type-page","status-publish","hentry"],"yoast_head":"<!-- This site is optimized with the Yoast SEO plugin v20.10 - https:\/\/yoast.com\/wordpress\/plugins\/seo\/ -->\n<title>Kontakt |<\/title>\n<meta name=\"robots\" content=\"index, follow, max-snippet:-1, max-image-preview:large, max-video-preview:-1\" \/>\n<link rel=\"canonical\" href=\"https:\/\/paulin-op.si\/en\/kontakt\/\" \/>\n<meta property=\"og:locale\" content=\"en_US\" \/>\n<meta property=\"og:type\" content=\"article\" \/>\n<meta property=\"og:title\" content=\"Kontakt |\" \/>\n<meta property=\"og:description\" content=\"Kontakt Odvetni\u0161ka pisarna PaulinKotnikova ulica 121000 LjubljanaSlovenija T: +386 (0)59 219 770F: +386 (0)59 219 789E:\u00a0info@paulin-op.si Va\u0161e ime Va\u0161a e-po\u0161ta Zadeva Va\u0161e sporo\u010dilo (neobvezno) Uporabne povezave Odvetni\u0161ka zbornicaSodna praksa RSVrhovno sodi\u0161\u010de RSPraksa sodi\u0161\u010da Evropske unije\" \/>\n<meta property=\"og:url\" content=\"https:\/\/paulin-op.si\/en\/kontakt\/\" \/>\n<meta property=\"article:modified_time\" content=\"2023-04-22T19:40:40+00:00\" \/>\n<meta property=\"og:image\" content=\"https:\/\/paulin-op.si\/wp-content\/uploads\/2023\/03\/Paulin_logo-08-01.png\" \/>\n\t<meta property=\"og:image:width\" content=\"473\" \/>\n\t<meta property=\"og:image:height\" content=\"217\" \/>\n\t<meta property=\"og:image:type\" content=\"image\/png\" \/>\n<meta name=\"twitter:card\" content=\"summary_large_image\" \/>\n<script type=\"application\/ld+json\" class=\"yoast-schema-graph\">{\"@context\":\"https:\/\/schema.org\",\"@graph\":[{\"@type\":\"WebPage\",\"@id\":\"https:\/\/paulin-op.si\/kontakt\/\",\"url\":\"https:\/\/paulin-op.si\/kontakt\/\",\"name\":\"Kontakt |\",\"isPartOf\":{\"@id\":\"https:\/\/paulin-op.si\/#website\"},\"datePublished\":\"2023-03-21T17:53:25+00:00\",\"dateModified\":\"2023-04-22T19:40:40+00:00\",\"breadcrumb\":{\"@id\":\"https:\/\/paulin-op.si\/kontakt\/#breadcrumb\"},\"inLanguage\":\"en-US\",\"potentialAction\":[{\"@type\":\"ReadAction\",\"target\":[\"https:\/\/paulin-op.si\/kontakt\/\"]}]},{\"@type\":\"BreadcrumbList\",\"@id\":\"https:\/\/paulin-op.si\/kontakt\/#breadcrumb\",\"itemListElement\":[{\"@type\":\"ListItem\",\"position\":1,\"name\":\"Home\",\"item\":\"https:\/\/paulin-op.si\/\"},{\"@type\":\"ListItem\",\"position\":2,\"name\":\"Kontakt\"}]},{\"@type\":\"WebSite\",\"@id\":\"https:\/\/paulin-op.si\/#website\",\"url\":\"https:\/\/paulin-op.si\/\",\"name\":\"Odvetni\u0161ka pisarna Paulin\",\"description\":\"Odvetni\u0161ka pisarna\",\"publisher\":{\"@id\":\"https:\/\/paulin-op.si\/#organization\"},\"alternateName\":\"Paulin op\",\"potentialAction\":[{\"@type\":\"SearchAction\",\"target\":{\"@type\":\"EntryPoint\",\"urlTemplate\":\"https:\/\/paulin-op.si\/?s={search_term_string}\"},\"query-input\":\"required name=search_term_string\"}],\"inLanguage\":\"en-US\"},{\"@type\":\"Organization\",\"@id\":\"https:\/\/paulin-op.si\/#organization\",\"name\":\"Odvetni\u0161ka pisarna Paulin\",\"alternateName\":\"Paulin op\",\"url\":\"https:\/\/paulin-op.si\/\",\"logo\":{\"@type\":\"ImageObject\",\"inLanguage\":\"en-US\",\"@id\":\"https:\/\/paulin-op.si\/#\/schema\/logo\/image\/\",\"url\":\"https:\/\/paulin-op.si\/wp-content\/uploads\/2023\/03\/Paulin_logo-08-01.png\",\"contentUrl\":\"https:\/\/paulin-op.si\/wp-content\/uploads\/2023\/03\/Paulin_logo-08-01.png\",\"width\":473,\"height\":217,\"caption\":\"Odvetni\u0161ka pisarna Paulin\"},\"image\":{\"@id\":\"https:\/\/paulin-op.si\/#\/schema\/logo\/image\/\"}}]}<\/script>\n<!-- \/ Yoast SEO plugin. -->","yoast_head_json":{"title":"Kontakt |","robots":{"index":"index","follow":"follow","max-snippet":"max-snippet:-1","max-image-preview":"max-image-preview:large","max-video-preview":"max-video-preview:-1"},"canonical":"https:\/\/paulin-op.si\/en\/kontakt\/","og_locale":"en_US","og_type":"article","og_title":"Kontakt |","og_description":"Kontakt Odvetni\u0161ka pisarna PaulinKotnikova ulica 121000 LjubljanaSlovenija T: +386 (0)59 219 770F: +386 (0)59 219 789E:\u00a0info@paulin-op.si Va\u0161e ime Va\u0161a e-po\u0161ta Zadeva Va\u0161e sporo\u010dilo (neobvezno) Uporabne povezave Odvetni\u0161ka zbornicaSodna praksa RSVrhovno sodi\u0161\u010de RSPraksa sodi\u0161\u010da Evropske unije","og_url":"https:\/\/paulin-op.si\/en\/kontakt\/","article_modified_time":"2023-04-22T19:40:40+00:00","og_image":[{"width":473,"height":217,"url":"https:\/\/paulin-op.si\/wp-content\/uploads\/2023\/03\/Paulin_logo-08-01.png","type":"image\/png"}],"twitter_card":"summary_large_image","schema":{"@context":"https:\/\/schema.org","@graph":[{"@type":"WebPage","@id":"https:\/\/paulin-op.si\/kontakt\/","url":"https:\/\/paulin-op.si\/kontakt\/","name":"Kontakt |","isPartOf":{"@id":"https:\/\/paulin-op.si\/#website"},"datePublished":"2023-03-21T17:53:25+00:00","dateModified":"2023-04-22T19:40:40+00:00","breadcrumb":{"@id":"https:\/\/paulin-op.si\/kontakt\/#breadcrumb"},"inLanguage":"en-US","potentialAction":[{"@type":"ReadAction","target":["https:\/\/paulin-op.si\/kontakt\/"]}]},{"@type":"BreadcrumbList","@id":"https:\/\/paulin-op.si\/kontakt\/#breadcrumb","itemListElement":[{"@type":"ListItem","position":1,"name":"Home","item":"https:\/\/paulin-op.si\/"},{"@type":"ListItem","position":2,"name":"Kontakt"}]},{"@type":"WebSite","@id":"https:\/\/paulin-op.si\/#website","url":"https:\/\/paulin-op.si\/","name":"Odvetni\u0161ka pisarna Paulin","description":"Odvetni\u0161ka pisarna","publisher":{"@id":"https:\/\/paulin-op.si\/#organization"},"alternateName":"Paulin op","potentialAction":[{"@type":"SearchAction","target":{"@type":"EntryPoint","urlTemplate":"https:\/\/paulin-op.si\/?s={search_term_string}"},"query-input":"required name=search_term_string"}],"inLanguage":"en-US"},{"@type":"Organization","@id":"https:\/\/paulin-op.si\/#organization","name":"Odvetni\u0161ka pisarna Paulin","alternateName":"Paulin op","url":"https:\/\/paulin-op.si\/","logo":{"@type":"ImageObject","inLanguage":"en-US","@id":"https:\/\/paulin-op.si\/#\/schema\/logo\/image\/","url":"https:\/\/paulin-op.si\/wp-content\/uploads\/2023\/03\/Paulin_logo-08-01.png","contentUrl":"https:\/\/paulin-op.si\/wp-content\/uploads\/2023\/03\/Paulin_logo-08-01.png","width":473,"height":217,"caption":"Odvetni\u0161ka pisarna Paulin"},"image":{"@id":"https:\/\/paulin-op.si\/#\/schema\/logo\/image\/"}}]}},"_links":{"self":[{"href":"https:\/\/paulin-op.si\/en\/wp-json\/wp\/v2\/pages\/48","targetHints":{"allow":["GET"]}}],"collection":[{"href":"https:\/\/paulin-op.si\/en\/wp-json\/wp\/v2\/pages"}],"about":[{"href":"https:\/\/paulin-op.si\/en\/wp-json\/wp\/v2\/types\/page"}],"author":[{"embeddable":true,"href":"https:\/\/paulin-op.si\/en\/wp-json\/wp\/v2\/users\/1"}],"replies":[{"embeddable":true,"href":"https:\/\/paulin-op.si\/en\/wp-json\/wp\/v2\/comments?post=48"}],"version-history":[{"count":61,"href":"https:\/\/paulin-op.si\/en\/wp-json\/wp\/v2\/pages\/48\/revisions"}],"predecessor-version":[{"id":1120,"href":"https:\/\/paulin-op.si\/en\/wp-json\/wp\/v2\/pages\/48\/revisions\/1120"}],"wp:attachment":[{"href":"https:\/\/paulin-op.si\/en\/wp-json\/wp\/v2\/media?parent=48"}],"curies":[{"name":"wp","href":"https:\/\/api.w.org\/{rel}","templated":true}]}}