{"id":524,"date":"2023-04-05T19:59:47","date_gmt":"2023-04-05T19:59:47","guid":{"rendered":"https:\/\/paulin-op.si\/?page_id=524"},"modified":"2023-04-22T18:47:52","modified_gmt":"2023-04-22T18:47:52","slug":"pravilnik-zasebnosti","status":"publish","type":"page","link":"https:\/\/paulin-op.si\/en\/pravilnik-zasebnosti\/","title":{"rendered":"Privacy Policy"},"content":{"rendered":"<div data-elementor-type=\"wp-page\" data-elementor-id=\"524\" class=\"elementor elementor-524\">\n\t\t\t\t\t\t\t\t\t<section class=\"elementor-section elementor-top-section elementor-element elementor-element-4a147fd elementor-section-boxed elementor-section-height-default elementor-section-height-default\" data-id=\"4a147fd\" data-element_type=\"section\">\n\t\t\t\t\t\t<div class=\"elementor-container elementor-column-gap-default\">\n\t\t\t\t\t<div class=\"elementor-column elementor-col-100 elementor-top-column elementor-element elementor-element-7422f72\" data-id=\"7422f72\" data-element_type=\"column\">\n\t\t\t<div class=\"elementor-widget-wrap elementor-element-populated\">\n\t\t\t\t\t\t\t\t<div class=\"elementor-element elementor-element-61ae973 elementor-widget elementor-widget-heading\" data-id=\"61ae973\" data-element_type=\"widget\" data-widget_type=\"heading.default\">\n\t\t\t\t<div class=\"elementor-widget-container\">\n\t\t\t<style>\/*! elementor - v3.14.0 - 26-06-2023 *\/\n.elementor-heading-title{padding:0;margin:0;line-height:1}.elementor-widget-heading .elementor-heading-title[class*=elementor-size-]>a{color:inherit;font-size:inherit;line-height:inherit}.elementor-widget-heading .elementor-heading-title.elementor-size-small{font-size:15px}.elementor-widget-heading .elementor-heading-title.elementor-size-medium{font-size:19px}.elementor-widget-heading .elementor-heading-title.elementor-size-large{font-size:29px}.elementor-widget-heading .elementor-heading-title.elementor-size-xl{font-size:39px}.elementor-widget-heading .elementor-heading-title.elementor-size-xxl{font-size:59px}<\/style><h2 class=\"elementor-heading-title elementor-size-default\">Privacy Policy<\/h2>\t\t<\/div>\n\t\t\t\t<\/div>\n\t\t\t\t<div class=\"elementor-element elementor-element-9e74571 elementor-widget-divider--view-line elementor-widget elementor-widget-divider\" data-id=\"9e74571\" data-element_type=\"widget\" data-widget_type=\"divider.default\">\n\t\t\t\t<div class=\"elementor-widget-container\">\n\t\t\t<style>\/*! elementor - v3.14.0 - 26-06-2023 *\/\n.elementor-widget-divider{--divider-border-style:none;--divider-border-width:1px;--divider-color:#0c0d0e;--divider-icon-size:20px;--divider-element-spacing:10px;--divider-pattern-height:24px;--divider-pattern-size:20px;--divider-pattern-url:none;--divider-pattern-repeat:repeat-x}.elementor-widget-divider .elementor-divider{display:flex}.elementor-widget-divider .elementor-divider__text{font-size:15px;line-height:1;max-width:95%}.elementor-widget-divider .elementor-divider__element{margin:0 var(--divider-element-spacing);flex-shrink:0}.elementor-widget-divider .elementor-icon{font-size:var(--divider-icon-size)}.elementor-widget-divider .elementor-divider-separator{display:flex;margin:0;direction:ltr}.elementor-widget-divider--view-line_icon .elementor-divider-separator,.elementor-widget-divider--view-line_text .elementor-divider-separator{align-items:center}.elementor-widget-divider--view-line_icon .elementor-divider-separator:after,.elementor-widget-divider--view-line_icon .elementor-divider-separator:before,.elementor-widget-divider--view-line_text .elementor-divider-separator:after,.elementor-widget-divider--view-line_text .elementor-divider-separator:before{display:block;content:\"\";border-bottom:0;flex-grow:1;border-top:var(--divider-border-width) var(--divider-border-style) var(--divider-color)}.elementor-widget-divider--element-align-left .elementor-divider .elementor-divider-separator>.elementor-divider__svg:first-of-type{flex-grow:0;flex-shrink:100}.elementor-widget-divider--element-align-left .elementor-divider-separator:before{content:none}.elementor-widget-divider--element-align-left .elementor-divider__element{margin-left:0}.elementor-widget-divider--element-align-right .elementor-divider .elementor-divider-separator>.elementor-divider__svg:last-of-type{flex-grow:0;flex-shrink:100}.elementor-widget-divider--element-align-right .elementor-divider-separator:after{content:none}.elementor-widget-divider--element-align-right .elementor-divider__element{margin-right:0}.elementor-widget-divider:not(.elementor-widget-divider--view-line_text):not(.elementor-widget-divider--view-line_icon) .elementor-divider-separator{border-top:var(--divider-border-width) var(--divider-border-style) var(--divider-color)}.elementor-widget-divider--separator-type-pattern{--divider-border-style:none}.elementor-widget-divider--separator-type-pattern.elementor-widget-divider--view-line .elementor-divider-separator,.elementor-widget-divider--separator-type-pattern:not(.elementor-widget-divider--view-line) .elementor-divider-separator:after,.elementor-widget-divider--separator-type-pattern:not(.elementor-widget-divider--view-line) .elementor-divider-separator:before,.elementor-widget-divider--separator-type-pattern:not([class*=elementor-widget-divider--view]) .elementor-divider-separator{width:100%;min-height:var(--divider-pattern-height);-webkit-mask-size:var(--divider-pattern-size) 100%;mask-size:var(--divider-pattern-size) 100%;-webkit-mask-repeat:var(--divider-pattern-repeat);mask-repeat:var(--divider-pattern-repeat);background-color:var(--divider-color);-webkit-mask-image:var(--divider-pattern-url);mask-image:var(--divider-pattern-url)}.elementor-widget-divider--no-spacing{--divider-pattern-size:auto}.elementor-widget-divider--bg-round{--divider-pattern-repeat:round}.rtl .elementor-widget-divider .elementor-divider__text{direction:rtl}.e-con-inner>.elementor-widget-divider,.e-con>.elementor-widget-divider{width:var(--container-widget-width,100%);--flex-grow:var(--container-widget-flex-grow)}<\/style>\t\t<div class=\"elementor-divider\">\n\t\t\t<span class=\"elementor-divider-separator\">\n\t\t\t\t\t\t<\/span>\n\t\t<\/div>\n\t\t\t\t<\/div>\n\t\t\t\t<\/div>\n\t\t\t\t\t<\/div>\n\t\t<\/div>\n\t\t\t\t\t\t\t<\/div>\n\t\t<\/section>\n\t\t\t\t<section class=\"elementor-section elementor-top-section elementor-element elementor-element-57eec48 elementor-section-boxed elementor-section-height-default elementor-section-height-default\" data-id=\"57eec48\" data-element_type=\"section\">\n\t\t\t\t\t\t<div class=\"elementor-container elementor-column-gap-default\">\n\t\t\t\t\t<div class=\"elementor-column elementor-col-100 elementor-top-column elementor-element elementor-element-bc4cf2c\" data-id=\"bc4cf2c\" data-element_type=\"column\">\n\t\t\t<div class=\"elementor-widget-wrap elementor-element-populated\">\n\t\t\t\t\t\t\t\t<div class=\"elementor-element elementor-element-c748725 elementor-widget elementor-widget-text-editor\" data-id=\"c748725\" data-element_type=\"widget\" data-widget_type=\"text-editor.default\">\n\t\t\t\t<div class=\"elementor-widget-container\">\n\t\t\t<style>\/*! elementor - v3.14.0 - 26-06-2023 *\/\n.elementor-widget-text-editor.elementor-drop-cap-view-stacked .elementor-drop-cap{background-color:#69727d;color:#fff}.elementor-widget-text-editor.elementor-drop-cap-view-framed .elementor-drop-cap{color:#69727d;border:3px solid;background-color:transparent}.elementor-widget-text-editor:not(.elementor-drop-cap-view-default) .elementor-drop-cap{margin-top:8px}.elementor-widget-text-editor:not(.elementor-drop-cap-view-default) .elementor-drop-cap-letter{width:1em;height:1em}.elementor-widget-text-editor .elementor-drop-cap{float:left;text-align:center;line-height:1;font-size:50px}.elementor-widget-text-editor .elementor-drop-cap-letter{display:inline-block}<\/style>\t\t\t\t<p class=\"font_9\">Odvetni\u0161ka pisarna Paulin se zavezuje, da bo po svojih najbolj\u0161ih mo\u010deh varovala podatke in zasebnost obiskovalcev tega spletnega mesta. Ne moremo pa izklju\u010diti morebitnih zlorab podatkov s strani tretjih oseb, saj ne glede na vse ustrezne varnostne ukrepe internet ostaja nepredvidljiv medij. To velja tudi za podatke in sporo\u010dila, ki nam jih po\u0161ljete preko tega spletnega mesta. Zaradi za\u0161\u010dite va\u0161e identitete in zasebnosti vas napro\u0161amo, da na spletno mesto ne vna\u0161ate tistih podatkov, za katere ne \u017eelite, da bi bili razkriti.<\/p><p class=\"font_9\">Odvetni\u0161ka pisarna Paulin spo\u0161tuje va\u0161o zasebnost in se zavezuje, da bo morebitne osebne podatke, pridobljene preko tega spletnega mesta, skrbno varovala ter jih brez va\u0161e privolitve ne bo posredovala tretjim osebam ali jih uporabila v druge namene.<\/p>\t\t\t\t\t\t<\/div>\n\t\t\t\t<\/div>\n\t\t\t\t\t<\/div>\n\t\t<\/div>\n\t\t\t\t\t\t\t<\/div>\n\t\t<\/section>\n\t\t\t\t\t\t\t<\/div>","protected":false},"excerpt":{"rendered":"<p>Pravilnik zasebnosti Odvetni\u0161ka pisarna Paulin se zavezuje, da bo po svojih najbolj\u0161ih mo\u010deh varovala podatke in zasebnost obiskovalcev tega spletnega mesta. Ne moremo pa izklju\u010diti morebitnih zlorab podatkov s strani tretjih oseb, saj ne glede na vse ustrezne varnostne ukrepe internet ostaja nepredvidljiv medij. To velja tudi za podatke in sporo\u010dila, ki nam jih po\u0161ljete&hellip;&nbsp;<a href=\"https:\/\/paulin-op.si\/en\/pravilnik-zasebnosti\/\" class=\"\" rel=\"bookmark\">Read More &raquo;<span class=\"screen-reader-text\">Privacy Policy<\/span><\/a><\/p>","protected":false},"author":1,"featured_media":0,"parent":0,"menu_order":0,"comment_status":"closed","ping_status":"closed","template":"page-templates\/template-pagebuilder-full-width.php","meta":{"neve_meta_sidebar":"","neve_meta_container":"","neve_meta_enable_content_width":"","neve_meta_content_width":0,"neve_meta_title_alignment":"","neve_meta_author_avatar":"","neve_post_elements_order":"","neve_meta_disable_header":"","neve_meta_disable_footer":"","neve_meta_disable_title":"","footnotes":""},"class_list":["post-524","page","type-page","status-publish","hentry"],"yoast_head":"<!-- This site is optimized with the Yoast SEO plugin v20.10 - https:\/\/yoast.com\/wordpress\/plugins\/seo\/ -->\n<title>Pravilnik zasebnosti |<\/title>\n<meta name=\"robots\" content=\"index, follow, max-snippet:-1, max-image-preview:large, max-video-preview:-1\" \/>\n<link rel=\"canonical\" href=\"https:\/\/paulin-op.si\/en\/pravilnik-zasebnosti\/\" \/>\n<meta property=\"og:locale\" content=\"en_US\" \/>\n<meta property=\"og:type\" content=\"article\" \/>\n<meta property=\"og:title\" content=\"Pravilnik zasebnosti |\" \/>\n<meta property=\"og:description\" content=\"Pravilnik zasebnosti Odvetni\u0161ka pisarna Paulin se zavezuje, da bo po svojih najbolj\u0161ih mo\u010deh varovala podatke in zasebnost obiskovalcev tega spletnega mesta. Ne moremo pa izklju\u010diti morebitnih zlorab podatkov s strani tretjih oseb, saj ne glede na vse ustrezne varnostne ukrepe internet ostaja nepredvidljiv medij. To velja tudi za podatke in sporo\u010dila, ki nam jih po\u0161ljete&hellip;&nbsp;Read More &raquo;Pravilnik zasebnosti\" \/>\n<meta property=\"og:url\" content=\"https:\/\/paulin-op.si\/en\/pravilnik-zasebnosti\/\" \/>\n<meta property=\"article:modified_time\" content=\"2023-04-22T18:47:52+00:00\" \/>\n<meta property=\"og:image\" content=\"https:\/\/paulin-op.si\/wp-content\/uploads\/2023\/03\/Paulin_logo-08-01.png\" \/>\n\t<meta property=\"og:image:width\" content=\"473\" \/>\n\t<meta property=\"og:image:height\" content=\"217\" \/>\n\t<meta property=\"og:image:type\" content=\"image\/png\" \/>\n<meta name=\"twitter:card\" content=\"summary_large_image\" \/>\n<script type=\"application\/ld+json\" class=\"yoast-schema-graph\">{\"@context\":\"https:\/\/schema.org\",\"@graph\":[{\"@type\":\"WebPage\",\"@id\":\"https:\/\/paulin-op.si\/pravilnik-zasebnosti\/\",\"url\":\"https:\/\/paulin-op.si\/pravilnik-zasebnosti\/\",\"name\":\"Pravilnik zasebnosti |\",\"isPartOf\":{\"@id\":\"https:\/\/paulin-op.si\/#website\"},\"datePublished\":\"2023-04-05T19:59:47+00:00\",\"dateModified\":\"2023-04-22T18:47:52+00:00\",\"breadcrumb\":{\"@id\":\"https:\/\/paulin-op.si\/pravilnik-zasebnosti\/#breadcrumb\"},\"inLanguage\":\"en-US\",\"potentialAction\":[{\"@type\":\"ReadAction\",\"target\":[\"https:\/\/paulin-op.si\/pravilnik-zasebnosti\/\"]}]},{\"@type\":\"BreadcrumbList\",\"@id\":\"https:\/\/paulin-op.si\/pravilnik-zasebnosti\/#breadcrumb\",\"itemListElement\":[{\"@type\":\"ListItem\",\"position\":1,\"name\":\"Home\",\"item\":\"https:\/\/paulin-op.si\/\"},{\"@type\":\"ListItem\",\"position\":2,\"name\":\"Pravilnik zasebnosti\"}]},{\"@type\":\"WebSite\",\"@id\":\"https:\/\/paulin-op.si\/#website\",\"url\":\"https:\/\/paulin-op.si\/\",\"name\":\"Odvetni\u0161ka pisarna Paulin\",\"description\":\"Odvetni\u0161ka pisarna\",\"publisher\":{\"@id\":\"https:\/\/paulin-op.si\/#organization\"},\"alternateName\":\"Paulin op\",\"potentialAction\":[{\"@type\":\"SearchAction\",\"target\":{\"@type\":\"EntryPoint\",\"urlTemplate\":\"https:\/\/paulin-op.si\/?s={search_term_string}\"},\"query-input\":\"required name=search_term_string\"}],\"inLanguage\":\"en-US\"},{\"@type\":\"Organization\",\"@id\":\"https:\/\/paulin-op.si\/#organization\",\"name\":\"Odvetni\u0161ka pisarna Paulin\",\"alternateName\":\"Paulin op\",\"url\":\"https:\/\/paulin-op.si\/\",\"logo\":{\"@type\":\"ImageObject\",\"inLanguage\":\"en-US\",\"@id\":\"https:\/\/paulin-op.si\/#\/schema\/logo\/image\/\",\"url\":\"https:\/\/paulin-op.si\/wp-content\/uploads\/2023\/03\/Paulin_logo-08-01.png\",\"contentUrl\":\"https:\/\/paulin-op.si\/wp-content\/uploads\/2023\/03\/Paulin_logo-08-01.png\",\"width\":473,\"height\":217,\"caption\":\"Odvetni\u0161ka pisarna Paulin\"},\"image\":{\"@id\":\"https:\/\/paulin-op.si\/#\/schema\/logo\/image\/\"}}]}<\/script>\n<!-- \/ Yoast SEO plugin. -->","yoast_head_json":{"title":"Pravilnik zasebnosti |","robots":{"index":"index","follow":"follow","max-snippet":"max-snippet:-1","max-image-preview":"max-image-preview:large","max-video-preview":"max-video-preview:-1"},"canonical":"https:\/\/paulin-op.si\/en\/pravilnik-zasebnosti\/","og_locale":"en_US","og_type":"article","og_title":"Pravilnik zasebnosti |","og_description":"Pravilnik zasebnosti Odvetni\u0161ka pisarna Paulin se zavezuje, da bo po svojih najbolj\u0161ih mo\u010deh varovala podatke in zasebnost obiskovalcev tega spletnega mesta. Ne moremo pa izklju\u010diti morebitnih zlorab podatkov s strani tretjih oseb, saj ne glede na vse ustrezne varnostne ukrepe internet ostaja nepredvidljiv medij. To velja tudi za podatke in sporo\u010dila, ki nam jih po\u0161ljete&hellip;&nbsp;Read More &raquo;Pravilnik zasebnosti","og_url":"https:\/\/paulin-op.si\/en\/pravilnik-zasebnosti\/","article_modified_time":"2023-04-22T18:47:52+00:00","og_image":[{"width":473,"height":217,"url":"https:\/\/paulin-op.si\/wp-content\/uploads\/2023\/03\/Paulin_logo-08-01.png","type":"image\/png"}],"twitter_card":"summary_large_image","schema":{"@context":"https:\/\/schema.org","@graph":[{"@type":"WebPage","@id":"https:\/\/paulin-op.si\/pravilnik-zasebnosti\/","url":"https:\/\/paulin-op.si\/pravilnik-zasebnosti\/","name":"Pravilnik zasebnosti |","isPartOf":{"@id":"https:\/\/paulin-op.si\/#website"},"datePublished":"2023-04-05T19:59:47+00:00","dateModified":"2023-04-22T18:47:52+00:00","breadcrumb":{"@id":"https:\/\/paulin-op.si\/pravilnik-zasebnosti\/#breadcrumb"},"inLanguage":"en-US","potentialAction":[{"@type":"ReadAction","target":["https:\/\/paulin-op.si\/pravilnik-zasebnosti\/"]}]},{"@type":"BreadcrumbList","@id":"https:\/\/paulin-op.si\/pravilnik-zasebnosti\/#breadcrumb","itemListElement":[{"@type":"ListItem","position":1,"name":"Home","item":"https:\/\/paulin-op.si\/"},{"@type":"ListItem","position":2,"name":"Pravilnik zasebnosti"}]},{"@type":"WebSite","@id":"https:\/\/paulin-op.si\/#website","url":"https:\/\/paulin-op.si\/","name":"Odvetni\u0161ka pisarna Paulin","description":"Odvetni\u0161ka pisarna","publisher":{"@id":"https:\/\/paulin-op.si\/#organization"},"alternateName":"Paulin op","potentialAction":[{"@type":"SearchAction","target":{"@type":"EntryPoint","urlTemplate":"https:\/\/paulin-op.si\/?s={search_term_string}"},"query-input":"required name=search_term_string"}],"inLanguage":"en-US"},{"@type":"Organization","@id":"https:\/\/paulin-op.si\/#organization","name":"Odvetni\u0161ka pisarna Paulin","alternateName":"Paulin op","url":"https:\/\/paulin-op.si\/","logo":{"@type":"ImageObject","inLanguage":"en-US","@id":"https:\/\/paulin-op.si\/#\/schema\/logo\/image\/","url":"https:\/\/paulin-op.si\/wp-content\/uploads\/2023\/03\/Paulin_logo-08-01.png","contentUrl":"https:\/\/paulin-op.si\/wp-content\/uploads\/2023\/03\/Paulin_logo-08-01.png","width":473,"height":217,"caption":"Odvetni\u0161ka pisarna Paulin"},"image":{"@id":"https:\/\/paulin-op.si\/#\/schema\/logo\/image\/"}}]}},"_links":{"self":[{"href":"https:\/\/paulin-op.si\/en\/wp-json\/wp\/v2\/pages\/524","targetHints":{"allow":["GET"]}}],"collection":[{"href":"https:\/\/paulin-op.si\/en\/wp-json\/wp\/v2\/pages"}],"about":[{"href":"https:\/\/paulin-op.si\/en\/wp-json\/wp\/v2\/types\/page"}],"author":[{"embeddable":true,"href":"https:\/\/paulin-op.si\/en\/wp-json\/wp\/v2\/users\/1"}],"replies":[{"embeddable":true,"href":"https:\/\/paulin-op.si\/en\/wp-json\/wp\/v2\/comments?post=524"}],"version-history":[{"count":8,"href":"https:\/\/paulin-op.si\/en\/wp-json\/wp\/v2\/pages\/524\/revisions"}],"predecessor-version":[{"id":1033,"href":"https:\/\/paulin-op.si\/en\/wp-json\/wp\/v2\/pages\/524\/revisions\/1033"}],"wp:attachment":[{"href":"https:\/\/paulin-op.si\/en\/wp-json\/wp\/v2\/media?parent=524"}],"curies":[{"name":"wp","href":"https:\/\/api.w.org\/{rel}","templated":true}]}}